{"id":8544,"date":"2020-11-16T18:27:14","date_gmt":"2020-11-16T17:27:14","guid":{"rendered":"http:\/\/custom-drones.de\/?post_type=product&#038;p=8544"},"modified":"2022-03-18T14:23:12","modified_gmt":"2022-03-18T13:23:12","slug":"12-x-beeketal-sicherheitsbrennpaste","status":"publish","type":"product","link":"https:\/\/www.custom-drones.de\/?product=12-x-beeketal-sicherheitsbrennpaste","title":{"rendered":"12 x Beeketal Sicherheitsbrennpaste"},"content":{"rendered":"<table width=\"100%\">\n<tbody>\n<tr>\n<td colspan=\"2\">\n<div class=\"row\">\n<div class=\"cell col-sm-6 form-group\" data-name=\"name\">\n<p><label class=\"control-label\" data-name=\"name\"><span class=\"label-text\">Name<\/span><\/label><\/p>\n<div class=\"field\" data-name=\"name\">12 x Beeketal Sicherheitsbrennpaste<\/div>\n<\/div>\n<div class=\"cell col-sm-6 form-group\" data-name=\"eQPID\">\n<p><label class=\"control-label\" data-name=\"eQPID\"><span class=\"label-text\">EQP ID<\/span><\/label><\/p>\n<div class=\"field\" data-name=\"eQPID\">13501<\/div>\n<\/div>\n<\/div>\n<div class=\"row\">\n<div class=\"cell col-sm-6 form-group\" data-name=\"wichtigkeit\">\n<p><label class=\"control-label\" data-name=\"wichtigkeit\"><span class=\"label-text\">Wichtigkeit<\/span><\/label><\/p>\n<div class=\"field\" data-name=\"wichtigkeit\"><span class=\"text-default\">unverzichtbar<\/span><\/div>\n<\/div>\n<div class=\"cell col-sm-6 form-group\" data-name=\"produktgruppe\">\n<p><label class=\"control-label\" data-name=\"produktgruppe\"><span class=\"label-text\">Produktgruppe<\/span><\/label><\/p>\n<div class=\"field\" data-name=\"produktgruppe\"><span class=\"text-default\">Energietr\u00e4ger<\/span><\/div>\n<\/div>\n<\/div>\n<div class=\"row\">\n<div class=\"cell col-sm-6 form-group\" data-name=\"basismaterial\">\n<p><label class=\"control-label\" data-name=\"basismaterial\"><span class=\"label-text\">Basismaterial<\/span><\/label><\/p>\n<div class=\"field\" data-name=\"basismaterial\"><span class=\"text-default\">Cordura<\/span><\/div>\n<\/div>\n<div class=\"cell col-sm-6 form-group\" data-name=\"farbe\">\n<p><label class=\"control-label\" data-name=\"farbe\"><span class=\"label-text\">Farbe<\/span><\/label><\/p>\n<div class=\"field\" data-name=\"farbe\"><span class=\"text-default\">nicht definiert<\/span><\/div>\n<\/div>\n<\/div>\n<div class=\"row\">\n<div class=\"cell col-sm-6 form-group\" data-name=\"abmessungHXBXT\">\n<p><label class=\"control-label\" data-name=\"abmessungHXBXT\"><span class=\"label-text\">Abmessung: H x B x T<\/span><\/label><\/p>\n<div class=\"field\" data-name=\"abmessungHXBXT\">F\u00fcllmenge: 200 g<\/div>\n<\/div>\n<div class=\"cell col-sm-6 form-group\" data-name=\"gewichtInKg\">\n<p><label class=\"control-label\" data-name=\"gewichtInKg\"><span class=\"label-text\">Gewicht in kg<\/span><\/label><\/p>\n<div class=\"field\" data-name=\"gewichtInKg\">pro Dose 0,240<\/div>\n<\/div>\n<\/div>\n<div class=\"row\">\n<div class=\"cell col-sm-6 form-group\" data-name=\"verkaufsbeschrnkung\">\n<p><label class=\"control-label\" data-name=\"verkaufsbeschrnkung\"><span class=\"label-text\">Verkaufsbeschr\u00e4nkung<\/span><\/label><\/p>\n<div class=\"field\" data-name=\"verkaufsbeschrnkung\"><span class=\"text-default\">Verkauf ab 18 Jahren<\/span><\/div>\n<\/div>\n<\/div>\n<p>Sicherheits-Brennpaste passend f\u00fcr Chafing Dish Speisenw\u00e4rmer<\/p>\n<p>Passend in jedem Fall f\u00fcr die Beeketal Brennpastenbeh\u00e4lter, sowie g\u00e4ngige Brennpastenbeh\u00e4lter (vergleichen Sie bei einem Fremdprodukt vor dem Kauf unbedingt die genannten Abmessungen)<\/td>\n<\/tr>\n<tr>\n<td width=\"10%\"><\/td>\n<td width=\"90%\">\n<ul>\n<li>Typ: ungiftig da auf Ethanolbasis<\/li>\n<li>F\u00fcllmenge: je Dose ca. 200 g<\/li>\n<li>Sehr lange Brenndauer: ca. max. 3 Std. 20 Min<\/li>\n<li>Wiederverschlie\u00dfbar und erneut sofort einsatzbereit<\/li>\n<li>Einfache, sichere Handhabung<\/li>\n<li>Saubere Verbrennung<\/li>\n<li>Hohe Heizleistung<\/li>\n<li>Geruchsneutral<\/li>\n<\/ul>\n<\/td>\n<\/tr>\n<\/tbody>\n<\/table>\n","protected":false},"excerpt":{"rendered":"<table width=\"100%\">\n<tbody>\n<tr>\n<td colspan=\"2\">Sicherheits-Brennpaste passend f\u00fcr Chafing Dish Speisenw\u00e4rmer<\/td>\n<\/tr>\n<\/tbody>\n<\/table>\n<p>.<\/p>\n","protected":false},"featured_media":8546,"comment_status":"closed","ping_status":"closed","template":"","meta":{"spay_email":""},"_links":{"self":[{"href":"https:\/\/www.custom-drones.de\/index.php?rest_route=\/wp\/v2\/product\/8544"}],"collection":[{"href":"https:\/\/www.custom-drones.de\/index.php?rest_route=\/wp\/v2\/product"}],"about":[{"href":"https:\/\/www.custom-drones.de\/index.php?rest_route=\/wp\/v2\/types\/product"}],"replies":[{"embeddable":true,"href":"https:\/\/www.custom-drones.de\/index.php?rest_route=%2Fwp%2Fv2%2Fcomments&post=8544"}],"version-history":[{"count":3,"href":"https:\/\/www.custom-drones.de\/index.php?rest_route=\/wp\/v2\/product\/8544\/revisions"}],"predecessor-version":[{"id":8549,"href":"https:\/\/www.custom-drones.de\/index.php?rest_route=\/wp\/v2\/product\/8544\/revisions\/8549"}],"wp:featuredmedia":[{"embeddable":true,"href":"https:\/\/www.custom-drones.de\/index.php?rest_route=\/wp\/v2\/media\/8546"}],"wp:attachment":[{"href":"https:\/\/www.custom-drones.de\/index.php?rest_route=%2Fwp%2Fv2%2Fmedia&parent=8544"}],"curies":[{"name":"wp","href":"https:\/\/api.w.org\/{rel}","templated":true}]}}