{"id":8492,"date":"2020-11-16T17:41:58","date_gmt":"2020-11-16T16:41:58","guid":{"rendered":"http:\/\/custom-drones.de\/?post_type=product&#038;p=8492"},"modified":"2022-03-18T14:23:16","modified_gmt":"2022-03-18T13:23:16","slug":"klappmesser-bearcraft","status":"publish","type":"product","link":"https:\/\/www.custom-drones.de\/?product=klappmesser-bearcraft","title":{"rendered":"Klappmesser BearCraft"},"content":{"rendered":"<table width=\"100%\">\n<tbody>\n<tr>\n<td colspan=\"2\">\n<div class=\"row\">\n<div class=\"row\">\n<div class=\"cell col-sm-6 form-group\" data-name=\"name\">\n<p><label class=\"control-label\" data-name=\"name\"><span class=\"label-text\">Name<\/span><\/label><\/p>\n<div class=\"field\" data-name=\"name\">BearCraft Klappmesser 4260531570014<\/div>\n<\/div>\n<div class=\"cell col-sm-6 form-group\" data-name=\"eQPID\">\n<p><label class=\"control-label\" data-name=\"eQPID\"><span class=\"label-text\">EQP ID<\/span><\/label><\/p>\n<div class=\"field\" data-name=\"eQPID\">13496<\/div>\n<\/div>\n<\/div>\n<div class=\"row\">\n<div class=\"cell col-sm-6 form-group\" data-name=\"wichtigkeit\">\n<p><label class=\"control-label\" data-name=\"wichtigkeit\"><span class=\"label-text\">Wichtigkeit<\/span><\/label><\/p>\n<div class=\"field\" data-name=\"wichtigkeit\"><span class=\"text-default\">unverzichtbar<\/span><\/div>\n<\/div>\n<div class=\"cell col-sm-6 form-group\" data-name=\"produktgruppe\">\n<p><label class=\"control-label\" data-name=\"produktgruppe\"><span class=\"label-text\">Produktgruppe<\/span><\/label><\/p>\n<div class=\"field\" data-name=\"produktgruppe\"><span class=\"text-default\">Einhand Klappmesser<\/span><\/div>\n<\/div>\n<\/div>\n<div class=\"row\">\n<div class=\"cell col-sm-6 form-group\" data-name=\"basismaterial\">\n<p><label class=\"control-label\" data-name=\"basismaterial\"><span class=\"label-text\">Basismaterial<\/span><\/label><\/p>\n<div class=\"field\" data-name=\"basismaterial\"><span class=\"text-default\">Stahl<\/span><\/div>\n<\/div>\n<div class=\"cell col-sm-6 form-group\" data-name=\"farbe\">\n<p><label class=\"control-label\" data-name=\"farbe\"><span class=\"label-text\">Farbe<\/span><\/label><\/p>\n<div class=\"field\" data-name=\"farbe\"><span class=\"text-default\">Schwarz<\/span><\/div>\n<\/div>\n<\/div>\n<div class=\"row\">\n<div class=\"cell col-sm-6 form-group\" data-name=\"abmessungHXBXT\">\n<p><label class=\"control-label\" data-name=\"abmessungHXBXT\"><span class=\"label-text\">Abmessung: H x B x T<\/span><\/label><\/p>\n<div class=\"field\" data-name=\"abmessungHXBXT\">Klinge: 90 &#8211; max: 210<\/div>\n<\/div>\n<div class=\"cell col-sm-6 form-group\" data-name=\"gewichtInKg\">\n<p><label class=\"control-label\" data-name=\"gewichtInKg\"><span class=\"label-text\">Gewicht in kg<\/span><\/label><\/p>\n<div class=\"field\" data-name=\"gewichtInKg\">0,141<\/div>\n<\/div>\n<\/div>\n<div class=\"row\">\n<div class=\"cell col-sm-6 form-group\" data-name=\"verkaufsbeschrnkung\">\n<p><label class=\"control-label\" data-name=\"verkaufsbeschrnkung\"><span class=\"label-text\">Verkaufsbeschr\u00e4nkung<\/span><\/label><\/p>\n<div class=\"field\" data-name=\"verkaufsbeschrnkung\"><span class=\"text-default\">Verkauf ab 18 Jahren<\/span><\/div>\n<\/div>\n<\/div>\n<\/div>\n<\/td>\n<\/tr>\n<tr>\n<td width=\"10%\"><\/td>\n<td width=\"90%\">\n<ul>\n<li>Gewicht: 141 g<\/li>\n<li>Material: Edelstahl<\/li>\n<li>Klingenl\u00e4nge: 90 mm<\/li>\n<li>Gesamtl\u00e4nge: 210 mm<\/li>\n<li>Messerart: Klappmesser<\/li>\n<li>Features: inkl. Glasbrecher und Gurtschneider<\/li>\n<\/ul>\n<\/td>\n<\/tr>\n<\/tbody>\n<\/table>\n","protected":false},"excerpt":{"rendered":"<table width=\"100%\">\n<tbody>\n<tr>\n<td colspan=\"2\">Multifunktionsmesser mit h\u00f6chster Qualit\u00e4t. Ideal f\u00fcr Bushcraft oder andere Outdoor aktivit\u00e4ten.<\/td>\n<\/tr>\n<\/tbody>\n<\/table>\n","protected":false},"featured_media":8535,"comment_status":"closed","ping_status":"closed","template":"","meta":{"spay_email":""},"_links":{"self":[{"href":"https:\/\/www.custom-drones.de\/index.php?rest_route=\/wp\/v2\/product\/8492"}],"collection":[{"href":"https:\/\/www.custom-drones.de\/index.php?rest_route=\/wp\/v2\/product"}],"about":[{"href":"https:\/\/www.custom-drones.de\/index.php?rest_route=\/wp\/v2\/types\/product"}],"replies":[{"embeddable":true,"href":"https:\/\/www.custom-drones.de\/index.php?rest_route=%2Fwp%2Fv2%2Fcomments&post=8492"}],"version-history":[{"count":2,"href":"https:\/\/www.custom-drones.de\/index.php?rest_route=\/wp\/v2\/product\/8492\/revisions"}],"predecessor-version":[{"id":14864,"href":"https:\/\/www.custom-drones.de\/index.php?rest_route=\/wp\/v2\/product\/8492\/revisions\/14864"}],"wp:featuredmedia":[{"embeddable":true,"href":"https:\/\/www.custom-drones.de\/index.php?rest_route=\/wp\/v2\/media\/8535"}],"wp:attachment":[{"href":"https:\/\/www.custom-drones.de\/index.php?rest_route=%2Fwp%2Fv2%2Fmedia&parent=8492"}],"curies":[{"name":"wp","href":"https:\/\/api.w.org\/{rel}","templated":true}]}}