{"id":8486,"date":"2020-11-16T17:41:42","date_gmt":"2020-11-16T16:41:42","guid":{"rendered":"http:\/\/custom-drones.de\/?post_type=product&#038;p=8486"},"modified":"2022-03-18T14:23:21","modified_gmt":"2022-03-18T13:23:21","slug":"walther-blacktac-tanto-bttk","status":"publish","type":"product","link":"https:\/\/www.custom-drones.de\/?product=walther-blacktac-tanto-bttk","title":{"rendered":"Walther BlackTac Tanto BTTK"},"content":{"rendered":"<p>In Ausstattung und Qualit\u00e4t identisch mit dem Walther Black Tac unterscheidet sich das Black Tac Tanto lediglich durch seine Klinge. Die 10 cm lange Tanto Klinge ist in mattschwarz gehalten und mit einem partiellen Wellenschliff versehen.<\/p>\n<table width=\"100%\">\n<tbody>\n<tr>\n<td colspan=\"2\">\n<div class=\"row\">\n<div class=\"row\">\n<div class=\"cell col-sm-6 form-group\" data-name=\"name\">\n<p><label class=\"control-label\" data-name=\"name\"><span class=\"label-text\">Name<\/span><\/label><\/p>\n<div class=\"field\" data-name=\"name\">Walther BlackTac Tanto BTTK<\/div>\n<\/div>\n<div class=\"cell col-sm-6 form-group\" data-name=\"eQPID\">\n<p><label class=\"control-label\" data-name=\"eQPID\"><span class=\"label-text\">EQP ID<\/span><\/label><\/p>\n<div class=\"field\" data-name=\"eQPID\">13490<\/div>\n<\/div>\n<\/div>\n<div class=\"row\">\n<div class=\"cell col-sm-6 form-group\" data-name=\"wichtigkeit\">\n<p><label class=\"control-label\" data-name=\"wichtigkeit\"><span class=\"label-text\">Wichtigkeit<\/span><\/label><\/p>\n<div class=\"field\" data-name=\"wichtigkeit\"><span class=\"text-default\">nicht wichtig<\/span><\/div>\n<\/div>\n<div class=\"cell col-sm-6 form-group\" data-name=\"produktgruppe\">\n<p><label class=\"control-label\" data-name=\"produktgruppe\"><span class=\"label-text\">Produktgruppe<\/span><\/label><\/p>\n<div class=\"field\" data-name=\"produktgruppe\"><span class=\"text-default\">Einhand Klappmesser<\/span><\/div>\n<\/div>\n<\/div>\n<div class=\"row\">\n<div class=\"cell col-sm-6 form-group\" data-name=\"basismaterial\">\n<p><label class=\"control-label\" data-name=\"basismaterial\"><span class=\"label-text\">Basismaterial<\/span><\/label><\/p>\n<div class=\"field\" data-name=\"basismaterial\"><span class=\"text-default\">Stahl<\/span><\/div>\n<\/div>\n<div class=\"cell col-sm-6 form-group\" data-name=\"farbe\">\n<p><label class=\"control-label\" data-name=\"farbe\"><span class=\"label-text\">Farbe<\/span><\/label><\/p>\n<div class=\"field\" data-name=\"farbe\"><span class=\"text-default\">Schwarz<\/span><\/div>\n<\/div>\n<\/div>\n<div class=\"row\">\n<div class=\"cell col-sm-6 form-group\" data-name=\"abmessungHXBXT\">\n<p><label class=\"control-label\" data-name=\"abmessungHXBXT\"><span class=\"label-text\">Abmessung: H x B x T<\/span><\/label><\/p>\n<div class=\"field\" data-name=\"abmessungHXBXT\">Klinge:100 &#8211; max: 210<\/div>\n<\/div>\n<div class=\"cell col-sm-6 form-group\" data-name=\"gewichtInKg\">\n<p><label class=\"control-label\" data-name=\"gewichtInKg\"><span class=\"label-text\">Gewicht in kg<\/span><\/label><\/p>\n<div class=\"field\" data-name=\"gewichtInKg\">0,164<\/div>\n<\/div>\n<\/div>\n<div class=\"row\">\n<div class=\"cell col-sm-6 form-group\" data-name=\"verkaufsbeschrnkung\">\n<p><label class=\"control-label\" data-name=\"verkaufsbeschrnkung\"><span class=\"label-text\">Verkaufsbeschr\u00e4nkung<\/span><\/label><\/p>\n<div class=\"field\" data-name=\"verkaufsbeschrnkung\"><span class=\"text-default\">Verkauf ab 18 Jahren<\/span><\/div>\n<\/div>\n<\/div>\n<\/div>\n<\/td>\n<\/tr>\n<tr>\n<td width=\"10%\"><\/td>\n<td width=\"90%\">\n<ul>\n<li>wuchtige Klinge in matt-schwarz mit partiellem Wellenschliff<\/li>\n<li>Messergriff aus hochwertigem Aluminium<\/li>\n<li>Klinge aus 440er Edelstahl<\/li>\n<li>inklusive G\u00fcrteletui aus strapazierf\u00e4higem Cordura mit Fangriemen<\/li>\n<li>integrierter Glasbrecher<\/li>\n<\/ul>\n<\/td>\n<\/tr>\n<\/tbody>\n<\/table>\n","protected":false},"excerpt":{"rendered":"<table width=\"100%\">\n<tbody>\n<tr>\n<td colspan=\"2\">Multifunktionsmesser mit h\u00f6chster Qualit\u00e4t. Ideal f\u00fcr Bushcraft oder andere Outdoor aktivit\u00e4ten.<\/td>\n<\/tr>\n<\/tbody>\n<\/table>\n","protected":false},"featured_media":8515,"comment_status":"closed","ping_status":"closed","template":"","meta":{"spay_email":""},"_links":{"self":[{"href":"https:\/\/www.custom-drones.de\/index.php?rest_route=\/wp\/v2\/product\/8486"}],"collection":[{"href":"https:\/\/www.custom-drones.de\/index.php?rest_route=\/wp\/v2\/product"}],"about":[{"href":"https:\/\/www.custom-drones.de\/index.php?rest_route=\/wp\/v2\/types\/product"}],"replies":[{"embeddable":true,"href":"https:\/\/www.custom-drones.de\/index.php?rest_route=%2Fwp%2Fv2%2Fcomments&post=8486"}],"version-history":[{"count":1,"href":"https:\/\/www.custom-drones.de\/index.php?rest_route=\/wp\/v2\/product\/8486\/revisions"}],"predecessor-version":[{"id":8517,"href":"https:\/\/www.custom-drones.de\/index.php?rest_route=\/wp\/v2\/product\/8486\/revisions\/8517"}],"wp:featuredmedia":[{"embeddable":true,"href":"https:\/\/www.custom-drones.de\/index.php?rest_route=\/wp\/v2\/media\/8515"}],"wp:attachment":[{"href":"https:\/\/www.custom-drones.de\/index.php?rest_route=%2Fwp%2Fv2%2Fmedia&parent=8486"}],"curies":[{"name":"wp","href":"https:\/\/api.w.org\/{rel}","templated":true}]}}