{"id":8481,"date":"2020-11-16T17:41:24","date_gmt":"2020-11-16T16:41:24","guid":{"rendered":"http:\/\/custom-drones.de\/?post_type=product&#038;p=8481"},"modified":"2022-03-18T14:23:26","modified_gmt":"2022-03-18T13:23:26","slug":"einsatzmesser-mt-20-39","status":"publish","type":"product","link":"https:\/\/www.custom-drones.de\/?product=einsatzmesser-mt-20-39","title":{"rendered":"Einsatzmesser MT-20-39"},"content":{"rendered":"<table width=\"100%\">\n<tbody>\n<tr>\n<td colspan=\"2\">\n<div class=\"row\">\n<div class=\"row\">\n<div class=\"cell col-sm-6 form-group\" data-name=\"name\">\n<p><label class=\"control-label\" data-name=\"name\"><span class=\"label-text\">Name<\/span><\/label><\/p>\n<div class=\"field\" data-name=\"name\">Einsatzmesser MT-20-39<\/div>\n<\/div>\n<div class=\"cell col-sm-6 form-group\" data-name=\"eQPID\">\n<p><label class=\"control-label\" data-name=\"eQPID\"><span class=\"label-text\">EQP ID<\/span><\/label><\/p>\n<div class=\"field\" data-name=\"eQPID\">13484<\/div>\n<\/div>\n<\/div>\n<div class=\"row\">\n<div class=\"cell col-sm-6 form-group\" data-name=\"wichtigkeit\">\n<p><label class=\"control-label\" data-name=\"wichtigkeit\"><span class=\"label-text\">Wichtigkeit<\/span><\/label><\/p>\n<div class=\"field\" data-name=\"wichtigkeit\"><span class=\"text-default\">nicht wichtig<\/span><\/div>\n<\/div>\n<div class=\"cell col-sm-6 form-group\" data-name=\"produktgruppe\">\n<p><label class=\"control-label\" data-name=\"produktgruppe\"><span class=\"label-text\">Produktgruppe<\/span><\/label><\/p>\n<div class=\"field\" data-name=\"produktgruppe\"><span class=\"text-default\">Einsatzmesser<\/span><\/div>\n<\/div>\n<\/div>\n<div class=\"row\">\n<div class=\"cell col-sm-6 form-group\" data-name=\"basismaterial\">\n<p><label class=\"control-label\" data-name=\"basismaterial\"><span class=\"label-text\">Basismaterial<\/span><\/label><\/p>\n<div class=\"field\" data-name=\"basismaterial\"><span class=\"text-default\">Stahl<\/span><\/div>\n<\/div>\n<div class=\"cell col-sm-6 form-group\" data-name=\"farbe\">\n<p><label class=\"control-label\" data-name=\"farbe\"><span class=\"label-text\">Farbe<\/span><\/label><\/p>\n<div class=\"field\" data-name=\"farbe\"><span class=\"text-default\">Schwarz<\/span><\/div>\n<\/div>\n<\/div>\n<div class=\"row\">\n<div class=\"cell col-sm-6 form-group\" data-name=\"abmessungHXBXT\">\n<p><label class=\"control-label\" data-name=\"abmessungHXBXT\"><span class=\"label-text\">Abmessung: H x B x T<\/span><\/label><\/p>\n<div class=\"field\" data-name=\"abmessungHXBXT\">Klinge:230 &#8211; max: 360<\/div>\n<\/div>\n<div class=\"cell col-sm-6 form-group\" data-name=\"gewichtInKg\">\n<p><label class=\"control-label\" data-name=\"gewichtInKg\"><span class=\"label-text\">Gewicht in kg<\/span><\/label><\/p>\n<div class=\"field\" data-name=\"gewichtInKg\">0,473<\/div>\n<\/div>\n<\/div>\n<div class=\"row\">\n<div class=\"cell col-sm-6 form-group\" data-name=\"verkaufsbeschrnkung\">\n<p><label class=\"control-label\" data-name=\"verkaufsbeschrnkung\"><span class=\"label-text\">Verkaufsbeschr\u00e4nkung<\/span><\/label><\/p>\n<div class=\"field\" data-name=\"verkaufsbeschrnkung\"><span class=\"text-default\">Verkauf ab 18 Jahren<\/span><\/div>\n<\/div>\n<\/div>\n<\/div>\n<\/td>\n<\/tr>\n<tr>\n<td width=\"10%\"><\/td>\n<td width=\"90%\">\n<ul>\n<li>Full Tang<\/li>\n<li>Blade material &#8211; Stainless Steel<\/li>\n<li>Blade finish &#8211; Black finish<\/li>\n<li>Blade hardness &#8211; N\/A<\/li>\n<li>Handle material &#8211; Black G10<\/li>\n<li>Handle colour &#8211; Black<\/li>\n<li>Sheath material &#8211; 1680D Nylon<\/li>\n<li>Total length &#8211; 355 mm<\/li>\n<li>Blade length &#8211; 200 mm<\/li>\n<li>Blade thickness &#8211; 5 mm<\/li>\n<li>Blade width &#8211; 50 mm at the widest<\/li>\n<li>Handle length &#8211; 155 mm<\/li>\n<li>Handle thickness &#8211; 19 mm<\/li>\n<li>Sheath overall dimensions &#8211; 380 mm x 70 mm x 20 mm<\/li>\n<li>Knife weight &#8211; 464 grams<\/li>\n<li>Sheath weight &#8211; 63 grams<\/li>\n<li>Belt loop fits belts to 110 mm width<\/li>\n<\/ul>\n<\/td>\n<\/tr>\n<\/tbody>\n<\/table>\n","protected":false},"excerpt":{"rendered":"<table width=\"100%\">\n<tbody>\n<tr>\n<td colspan=\"2\">Multifunktionsmesser mit h\u00f6chster Qualit\u00e4t. Ideal f\u00fcr Bushcraft oder andere Outdoor aktivit\u00e4ten.<\/td>\n<\/tr>\n<\/tbody>\n<\/table>\n","protected":false},"featured_media":8495,"comment_status":"closed","ping_status":"closed","template":"","meta":{"spay_email":""},"_links":{"self":[{"href":"https:\/\/www.custom-drones.de\/index.php?rest_route=\/wp\/v2\/product\/8481"}],"collection":[{"href":"https:\/\/www.custom-drones.de\/index.php?rest_route=\/wp\/v2\/product"}],"about":[{"href":"https:\/\/www.custom-drones.de\/index.php?rest_route=\/wp\/v2\/types\/product"}],"replies":[{"embeddable":true,"href":"https:\/\/www.custom-drones.de\/index.php?rest_route=%2Fwp%2Fv2%2Fcomments&post=8481"}],"version-history":[{"count":2,"href":"https:\/\/www.custom-drones.de\/index.php?rest_route=\/wp\/v2\/product\/8481\/revisions"}],"predecessor-version":[{"id":14854,"href":"https:\/\/www.custom-drones.de\/index.php?rest_route=\/wp\/v2\/product\/8481\/revisions\/14854"}],"wp:featuredmedia":[{"embeddable":true,"href":"https:\/\/www.custom-drones.de\/index.php?rest_route=\/wp\/v2\/media\/8495"}],"wp:attachment":[{"href":"https:\/\/www.custom-drones.de\/index.php?rest_route=%2Fwp%2Fv2%2Fmedia&parent=8481"}],"curies":[{"name":"wp","href":"https:\/\/api.w.org\/{rel}","templated":true}]}}