{"id":8460,"date":"2020-11-16T17:23:03","date_gmt":"2020-11-16T16:23:03","guid":{"rendered":"http:\/\/custom-drones.de\/?post_type=product&#038;p=8460"},"modified":"2022-03-18T14:23:30","modified_gmt":"2022-03-18T13:23:30","slug":"ouddoor-ofen-brenner","status":"publish","type":"product","link":"https:\/\/www.custom-drones.de\/?product=ouddoor-ofen-brenner","title":{"rendered":"Ouddoor Ofen &#8211; Brenner"},"content":{"rendered":"<table width=\"100%\">\n<tbody>\n<tr>\n<td colspan=\"2\">Dieser Kaminofen ist faltbar und leicht, sehr bequem zu tragen. Es ist ein Must-Have f\u00fcr alle ernsthaften Rucksacktouristen, \u00dcberlebensk\u00fcnstler und Wohnmobile.<\/p>\n<p>Features:<br \/>\nbequem: sehr einfach zu montieren; leicht und zusammenklappbar, Falten flach f\u00fcr einfache Lagerung, ideal f\u00fcr Backpacker und camping.<br \/>\nrobuste Struktur: robuste Edelstahl-Konstruktion k\u00f6nnen Sie Ihr Kochgeschirr stabil zu platzieren.<br \/>\nwissenschaftliches Design: mit offenem Mund f\u00fcr bequeme hinzuf\u00fcgen von Holz.<br \/>\nunbegrenzte Energietr\u00e4ger: Kochen mit den Zweigen, die Sie auf Ihrer Wanderung zu sammeln. Sagen Sie auf Wiedersehen zu schwer, teuer, umweltsch\u00e4dliche Ottokraftstoffe.<br \/>\numweltfreundlich: keine chemische Emissionen, keine Batterien, keine Kraftstoff-Kanister, weniger Kohlenstoff-Fu\u00dfabdruck.<br \/>\nkommen in einer wiederverwendbaren Tasche f\u00fcr den bequemen Transport.<br \/>\nHinweis: Holz Herd nur, andere Gegenst\u00e4nde in Bildern angezeigt sind Abbildung Zwecken, sie sind nicht im Angebot enthalten!<\/td>\n<\/tr>\n<tr>\n<td width=\"10%\"><\/td>\n<td width=\"90%\">Spezifikationen:<\/p>\n<ul>\n<li>Material: Edelstahl<\/li>\n<li>Farbe: Silber<\/li>\n<li>obere Breite: ca. 11,6 cm\/4,6 In<\/li>\n<li>untere Breite: ca. 12,7 cm\/5 Zoll<\/li>\n<li>H\u00f6he: ca. 16,2 cm\/6,4 Zoll<\/li>\n<li>Artikelgewicht: ca. 500g\/1,1 lb<\/li>\n<li>Paketgr\u00f6\u00dfe: ca. 17,5\u00a0<em>16\u00a0<\/em>1,5 cm \/ 6.9\u00a0<em>6,3\u00a0<\/em>0,6 im<\/li>\n<li>Paketgewicht: ca. 525g\/1,2 lb<\/li>\n<\/ul>\n<\/td>\n<\/tr>\n<\/tbody>\n<\/table>\n","protected":false},"excerpt":{"rendered":"<p>Dieser Kaminofen ist faltbar und leicht, sehr bequem zu tragen. Es ist ein Must-Have f\u00fcr alle ernsthaften Rucksacktouristen, \u00dcberlebensk\u00fcnstler und Wohnmobile.<\/p>\n<p>.<\/p>\n","protected":false},"featured_media":8466,"comment_status":"closed","ping_status":"closed","template":"","meta":{"spay_email":""},"_links":{"self":[{"href":"https:\/\/www.custom-drones.de\/index.php?rest_route=\/wp\/v2\/product\/8460"}],"collection":[{"href":"https:\/\/www.custom-drones.de\/index.php?rest_route=\/wp\/v2\/product"}],"about":[{"href":"https:\/\/www.custom-drones.de\/index.php?rest_route=\/wp\/v2\/types\/product"}],"replies":[{"embeddable":true,"href":"https:\/\/www.custom-drones.de\/index.php?rest_route=%2Fwp%2Fv2%2Fcomments&post=8460"}],"version-history":[{"count":1,"href":"https:\/\/www.custom-drones.de\/index.php?rest_route=\/wp\/v2\/product\/8460\/revisions"}],"predecessor-version":[{"id":8467,"href":"https:\/\/www.custom-drones.de\/index.php?rest_route=\/wp\/v2\/product\/8460\/revisions\/8467"}],"wp:featuredmedia":[{"embeddable":true,"href":"https:\/\/www.custom-drones.de\/index.php?rest_route=\/wp\/v2\/media\/8466"}],"wp:attachment":[{"href":"https:\/\/www.custom-drones.de\/index.php?rest_route=%2Fwp%2Fv2%2Fmedia&parent=8460"}],"curies":[{"name":"wp","href":"https:\/\/api.w.org\/{rel}","templated":true}]}}