{"id":8242,"date":"2020-11-14T16:05:06","date_gmt":"2020-11-14T15:05:06","guid":{"rendered":"http:\/\/custom-drones.de\/?post_type=product&#038;p=8242"},"modified":"2022-03-18T14:23:32","modified_gmt":"2022-03-18T13:23:32","slug":"blutdruckmessgeraet","status":"publish","type":"product","link":"https:\/\/www.custom-drones.de\/?product=blutdruckmessgeraet","title":{"rendered":"Blutdruckmessger\u00e4t"},"content":{"rendered":"<table width=\"100%\">\n<tbody>\n<tr>\n<td colspan=\"2\">Blutdruckmessger\u00e4t f\u00fcr den Oberarm, um den eigenen Blutdruck zu erfassen und die Gesundheit zu \u00fcberwachen.<br \/>\nDas Messger\u00e4t pumpt die Manschette automatisch auf und f\u00fchrt die Messung durch.&nbsp;<\/p>\n<p>Mit einer kostenlosen App, die im Apple App Store und \u00fcber Google Play verf\u00fcgbar ist, k\u00f6nnen die Ergebnisse gespeichert, getrackt und geteilt werden.<\/p>\n<p>&nbsp;<\/p>\n<p>Blutdruck- und Pulsmessung (SYS und DIA), 60 Speicherpl\u00e4tze f\u00fcr bis zu 2 Benutzer, einschlie\u00dflich Uhrzeit und Datum.<br \/>\nErkennung von unregelm\u00e4\u00dfigen Herzschl\u00e4gen (IHD).<\/td>\n<\/tr>\n<tr>\n<td width=\"10%\"><\/td>\n<td width=\"90%\">\n<ul>\n<li>Blutdruck- und Pulsmessung (SYS und DIA)<\/li>\n<li>Technologie: Bluetooth<\/li>\n<li>Ausf\u00fchrung: Oberarm<\/li>\n<li>60 Speicherpl\u00e4tze f\u00fcr bis zu 2 Benutzer, einschlie\u00dflich Uhrzeit und Datum<\/li>\n<li>Erkennung von unregelm\u00e4\u00dfigen Herzschl\u00e4gen (IHD)<\/li>\n<li>Kostenlose App f\u00fcr iPhone und Android\u2122-Ger\u00e4te<\/li>\n<li>Diastolischer Blutdurck: Ja<\/li>\n<li>Systolischer Blutdruck: Ja<\/li>\n<li>Speicherfunktion: Ja<\/li>\n<li>Arrhythmie-Erkennung: Ja<\/li>\n<li>Herzfrequenzmonitor: Ja<\/li>\n<li>Anzahl unterst\u00fctzter Batterien: 4<\/li>\n<li>Akku-\/Batterietyp: AAA<\/li>\n<li>Display-Typ: LED<\/li>\n<li>Breite: 135 mm<\/li>\n<li>Tiefe: 70 mm<\/li>\n<li>H\u00f6he: 195 mm<\/li>\n<\/ul>\n<p><strong>Package:<\/strong><\/p>\n<ul>\n<li>K\u00f6nig KN-BLDPRESS40B Bluetooth Blutdruckmessger\u00e4t weiss<\/li>\n<li>4x Batterien<\/li>\n<li>Bedienungsanleitung<\/li>\n<\/ul>\n<\/td>\n<\/tr>\n<\/tbody>\n<\/table>\n","protected":false},"excerpt":{"rendered":"<p>Bluetooth Blutdruckmessger\u00e4t<br \/>\nKN-BLDPRESS40B<\/p>\n","protected":false},"featured_media":8245,"comment_status":"closed","ping_status":"closed","template":"","meta":{"spay_email":""},"_links":{"self":[{"href":"https:\/\/www.custom-drones.de\/index.php?rest_route=\/wp\/v2\/product\/8242"}],"collection":[{"href":"https:\/\/www.custom-drones.de\/index.php?rest_route=\/wp\/v2\/product"}],"about":[{"href":"https:\/\/www.custom-drones.de\/index.php?rest_route=\/wp\/v2\/types\/product"}],"replies":[{"embeddable":true,"href":"https:\/\/www.custom-drones.de\/index.php?rest_route=%2Fwp%2Fv2%2Fcomments&post=8242"}],"version-history":[{"count":2,"href":"https:\/\/www.custom-drones.de\/index.php?rest_route=\/wp\/v2\/product\/8242\/revisions"}],"predecessor-version":[{"id":8251,"href":"https:\/\/www.custom-drones.de\/index.php?rest_route=\/wp\/v2\/product\/8242\/revisions\/8251"}],"wp:featuredmedia":[{"embeddable":true,"href":"https:\/\/www.custom-drones.de\/index.php?rest_route=\/wp\/v2\/media\/8245"}],"wp:attachment":[{"href":"https:\/\/www.custom-drones.de\/index.php?rest_route=%2Fwp%2Fv2%2Fmedia&parent=8242"}],"curies":[{"name":"wp","href":"https:\/\/api.w.org\/{rel}","templated":true}]}}