{"id":8237,"date":"2020-11-14T15:58:45","date_gmt":"2020-11-14T14:58:45","guid":{"rendered":"http:\/\/custom-drones.de\/?post_type=product&#038;p=8237"},"modified":"2022-03-18T14:23:33","modified_gmt":"2022-03-18T13:23:33","slug":"checkme-pro-vitaldatenmonitor","status":"publish","type":"product","link":"https:\/\/www.custom-drones.de\/?product=checkme-pro-vitaldatenmonitor","title":{"rendered":"Checkme Pro Vitaldatenmonitor"},"content":{"rendered":"<table width=\"100%\">\n<tbody>\n<tr>\n<td colspan=\"2\">Der Checkme\u2122 Pro &#8211; der Vitaldatenmonitor ist ein innovatives Produkt, das mehrere Funktionen in einem kompakten und tragbaren Ger\u00e4t vereint. Praktisch, vielseitig und professionell nimmt das Checkme\u2122 Pro genaue Messungen verschiedener Vitalparameter vor, kabellos wie auch kabelgebunden. Weiterhin funktioniert es aufgrund des neuen 3D-Bewegungssensor mit hoher Genauigkeit wie ein Pedometer. Es z\u00e4hlt die Schritte, berechnet die Entfernung oder \u00fcberwacht die Kalorienverbrennung. Vom Checkme Pro sind verschiedene Versionen erh\u00e4ltlich. Welche Version welche Funktionen bieten, erfahren Sie in unserem Shop auf www.medstore24.eu\/de\/telemedizin\/checkme-pro.html<\/p>\n<p>&nbsp;<\/p>\n<p>Es kann bei einer Vielzahl von Anwendungsszenarien verwendet werden, z.B. in Krankenh\u00e4usern oder Kliniken, in der Arztpraxis, in der Telemedizin, der Notfallmedizin, beim Patientenbesuch durch einen Arzt, bei Hausbesuchen, der Erholung, beim Sport uvm.<\/p>\n<p>&nbsp;<\/p>\n<p>Mit einem Gewicht von nur 65g, der ungef\u00e4hren Gr\u00f6\u00dfe einer Visitenkarte, einer hohen Messgenauigkeit, wiederaufladbarem Akku mit langer Lebensdauer und der Bluetooth-Wireless-Konnektivit\u00e4t ist das Checkme\u2122 Pro der optimale Tricorder f\u00fcr die klinische und pers\u00f6nliche Pflege.<\/td>\n<\/tr>\n<tr>\n<td width=\"10%\">&nbsp;<\/td>\n<td width=\"90%\">&nbsp;<\/p>\n<ul>\n<li>Zeichnet EKG-, SpO2- und K\u00f6rpertemperatur-Werte auf.<\/li>\n<li>sorgt f\u00fcr einen schnellen \u00dcberblick \u00fcber den Zustand des Patienten.<\/li>\n<li>Daten k\u00f6nnen gespeichert und mit der PC-Management-Software geladen und ausgewertet werden.<\/li>\n<\/ul>\n<h4>\n\u200bCheckme\u2122 Pro Monitor<\/h4>\n<ul>\n<li>Wenn das Checkme\u2122 Pro am Arm eines Patienten befestigt wird, k\u00f6nnen \u00fcber die \u201eMini-Monitor-Funktion\u201c kontinuierlich die EKG- und SpO2-Werte sowie der systolischen Blutdruck angezeigt werden. Die Wireless-Monitor-Funktion ist je nach Checkme Pro-Version verf\u00fcgbar. Echtzeit-EKG-Grafiken und -Messwerte k\u00f6nnen dabei auf ein mobiles Ger\u00e4t wie Smartphone oder Tablet \u00fcbertragen werden. Dies f\u00fchrt zu einer Vielzahl von Einsatzm\u00f6glichkeiten, z.B.:<\/li>\n<li>In der Ambulanz: Als Erg\u00e4nzung zu den herk\u00f6mmlichen station\u00e4ren Systemen.<\/li>\n<li>Bei hausbesuchen: Zur Erg\u00e4nzung, wenn traditionelle Patientenmonitorsysteme aufgrund ihrer Gr\u00f6\u00dfe nur begrenzt bzw. nicht verf\u00fcgbar sind.<\/li>\n<li>In der Zahnarztpraxis: Um zu erkennen, ob Unregelm\u00e4\u00dfigkeiten im Verlauf der Behandlung in den EKG-Kurven auftreten (ohne Kabelgewirr).<\/li>\n<li>In der Notfallmedizin: Wann und wo auch immer die Notfallmedizin erforderlich ist. Checkme ist immer f\u00fcr die schnelle \u00dcberpr\u00fcfung und \u00dcberwachung der Vitalfunktionen zur Hand.<\/li>\n<li>\u200bIm Erste-Hilfe-Koffer: Checkme\u2122 Pro ist ein &#8220;MUST HAVE&#8221; in jedem Erste-Hilfe-Koffer um Anomalien zu entdecken und Leben zu retten<\/li>\n<li>Erfasst, \u00fcberpr\u00fcft und identifiziert abnormale EKG-Werte.<\/li>\n<li>Unterst\u00fctzt kabellose und kabelgebundene EKG-Messungen.<\/li>\n<li>500 Hz. Abtastrate erm\u00f6glicht es Ihnen, alle Details der EKG-Kurven zu erfassen.<\/li>\n<li>30, 60 oder 90s voll aufl\u00f6sende EKG-Grafiken k\u00f6nnen abgespielt werden.<\/li>\n<li>Der professionelle EKG-Algorithmus ist in der Lage, nicht nur die Herzfrequenz zu messen, sondern gleichzeitig auch die QRS-Strecke und das ST-Segment zu berechnen.<\/li>\n<li>\u200bLangzeit EKG (optional): Mit zus\u00e4tzlich erh\u00e4ltlichem Zubeh\u00f6r kann das Checkme Pro als Langzeit EKG verwendet werden und eine 24-Stunden-Aufzeichnung vornehmen.<\/li>\n<\/ul>\n<p>&nbsp;<\/p>\n<p>&nbsp;<\/p>\n<ul>\n<li>Puls-Oximeter und Schlaf-Monitor<\/li>\n<li>Unterst\u00fctzt die kabellose sowie kabelgebundene SpO2-Messung.<\/li>\n<li>Einfaches Einf\u00fchren eines Fingers.<\/li>\n<li>Der integrierte SpO2-Sensor hilft, den SpO2-Wert in nur 20 Sekunden zu \u00fcberpr\u00fcfen.<\/li>\n<li>Speicherung von bis zu 10 Stunden Messdaten.<\/li>\n<li>App (Android\/iOS) oder PC-Software erm\u00f6glicht es Ihnen, die Details einzusehen und Trends zu berechnen.<\/li>\n<li>Optional ist ein Armgelenkband und ein felxibler Fingersensor verf\u00fcgbar.<\/li>\n<\/ul>\n<p>&nbsp;<\/p>\n<p>&nbsp;<\/p>\n<ul>\n<li>Infrarot-K\u00f6rpertemperatur<\/li>\n<li>Integrierter Infrarot-Temperatur-Sensor mit hoher Genauigkeit.<\/li>\n<li>Einfach und schnell zu verwenden, ben\u00f6tigt nur 3 Sekunden um mit der Temperaturbestimmung zu beginnen.<\/li>\n<li>Sicher und komfortabel, ohne den Patienten wecken zu m\u00fcssen.<\/li>\n<\/ul>\n<\/td>\n<\/tr>\n<\/tbody>\n<\/table>\n","protected":false},"excerpt":{"rendered":"<p>Checkme Pro Vitaldatenmonitor (Standard)<br \/>\nDAVITA\u00ae 30147<\/p>\n<ul>\n<li>EKG<\/li>\n<li>SpO2<\/li>\n<li>BD<\/li>\n<li>uvm<\/li>\n<\/ul>\n","protected":false},"featured_media":8238,"comment_status":"closed","ping_status":"closed","template":"","meta":{"spay_email":""},"_links":{"self":[{"href":"https:\/\/www.custom-drones.de\/index.php?rest_route=\/wp\/v2\/product\/8237"}],"collection":[{"href":"https:\/\/www.custom-drones.de\/index.php?rest_route=\/wp\/v2\/product"}],"about":[{"href":"https:\/\/www.custom-drones.de\/index.php?rest_route=\/wp\/v2\/types\/product"}],"replies":[{"embeddable":true,"href":"https:\/\/www.custom-drones.de\/index.php?rest_route=%2Fwp%2Fv2%2Fcomments&post=8237"}],"version-history":[{"count":1,"href":"https:\/\/www.custom-drones.de\/index.php?rest_route=\/wp\/v2\/product\/8237\/revisions"}],"predecessor-version":[{"id":8241,"href":"https:\/\/www.custom-drones.de\/index.php?rest_route=\/wp\/v2\/product\/8237\/revisions\/8241"}],"wp:featuredmedia":[{"embeddable":true,"href":"https:\/\/www.custom-drones.de\/index.php?rest_route=\/wp\/v2\/media\/8238"}],"wp:attachment":[{"href":"https:\/\/www.custom-drones.de\/index.php?rest_route=%2Fwp%2Fv2%2Fmedia&parent=8237"}],"curies":[{"name":"wp","href":"https:\/\/api.w.org\/{rel}","templated":true}]}}