{"id":15222,"date":"2024-10-28T10:02:53","date_gmt":"2024-10-28T09:02:53","guid":{"rendered":"https:\/\/www.custom-drones.de\/?post_type=product&#038;p=15222"},"modified":"2024-10-28T10:04:26","modified_gmt":"2024-10-28T09:04:26","slug":"svbony-sv-503-102ed-professional","status":"publish","type":"product","link":"https:\/\/www.custom-drones.de\/?product=svbony-sv-503-102ed-professional","title":{"rendered":"SVBONY SV 503 102ED Professional"},"content":{"rendered":"<p>SV503 102mm sind f\u00fcr diejenigen in der Astrofotografie geeignet, die Doppelsterne, kompakte Nebel und Sternhaufen beobachten wollen. Au\u00dferdem ist es auch geeignet f\u00fcr diejenigen, die mehr Details \u00fcber Planeten abholen.sowie gelegentlich terrestrische, beobachtende Tierwelt, Landschaft;<\/p>\n<p>Die Schwalbenschwanzbasis passt auf M3, M4, M5 oder 1\/4 Zoll Gewindeschrauben zur Montage Ihres optischen Tubus.Setzen Sie es einfach auf den optischen Tubus und ziehen Sie die Schraube fest.<\/p>\n<p>Robuste Ganzmetallkonstruktion und CNC-Bearbeitung sorgen f\u00fcr glatte Oberfl\u00e4chen. Pr\u00e4zise geschnittene Schienen, robust und langlebig.<\/p>\n<p>&nbsp;<\/p>\n<ul class=\"features-box\">\n<li class=\"features-list\">\n<div class=\"features-desc\">\n<p class=\"features-title\">Glas mit besonders niedriger Dispersion:\u00a0S-FPL51<\/p>\n<p>ED (Extra-low Dispersion) S-FPL51 ist in das astronomische Teleskop SV503 eingebaut. ED-Glas minimiert die Auswirkungen des sekund\u00e4ren Spektrums und reduziert die chromatische Aberration auf ein bemerkenswertes Ma\u00df. Das hochwertige 2-Element-Objektiv liefert scharfe und kontrastreiche Bilder f\u00fcr Reisen und den mobilen Einsatz.<\/p>\n<\/div>\n<\/li>\n<li class=\"features-list\">\n<div class=\"features-desc\">\n<p class=\"features-title\">Ultrabreitband-Super-Multi-beschichtet<\/p>\n<p>Super-Multi-beschichtet ist ein bemerkenswertes siebenschichtiges Linsenbeschichtungsverfahren, das den Reflexionsgrad auf nur 0,2 % pro Linsenoberfl\u00e4che senkt. Das Ergebnis ist eine dramatische Verbesserung von Farbtreue und Helligkeit sowie die Beseitigung von Streulicht und Geisterbildern.<\/p>\n<\/div>\n<\/li>\n<li class=\"features-list\">\n<div class=\"features-desc\">\n<p class=\"features-title\">Zahnstangen-Fokussierer mit zwei Geschwindigkeiten<\/p>\n<p>Das \u00dcbersetzungsverh\u00e4ltnis des 2-Zoll-Zahnfokussierers mit doppelter Geschwindigkeit betr\u00e4gt 1:10, was eine pr\u00e4zise Fokussierung erleichtert. Der Fokussierer mit zwei Geschwindigkeiten bietet zwei Fokussiergeschwindigkeiten durch die Verwendung eines Satzes koaxialer Kn\u00f6pfe, einen f\u00fcr die schnelle Fokussierung und einen f\u00fcr die Feinfokussierung.<\/p>\n<\/div>\n<\/li>\n<li class=\"features-list\">\n<div class=\"features-desc\">\n<p class=\"features-title\">90 mm Backfokus<\/p>\n<p>Der 90-mm-Back-Fokus und der um 360 Grad verstellbare Okularauszug gen\u00fcgen Ihren Anspr\u00fcchen an die Astrofotografie und erm\u00f6glichen einen perfekten Bildausschnitt f\u00fcr Ihre Astrofotografie. Und der 2&#8243; RAP (Rack and Pinion) Auszug h\u00e4lt mehr als 5 kg schweres fotografisches Zubeh\u00f6r sicher.<\/p>\n<\/div>\n<\/li>\n<li class=\"features-list\">\n<div class=\"features-desc\">\n<p class=\"features-title\">1,17 Bogensekunden Aufl\u00f6sung<\/p>\n<p>102D: Das astronomische Teleskop SV503 ED kann 1,17 Winkelsekunden erreichen, damit Sie auch feinere Details in der Astronomie oder bei der Beobachtung von Wildtieren erkennen k\u00f6nnen.<\/p>\n<\/div>\n<\/li>\n<li class=\"features-list\">\n<div class=\"features-desc\">\n<p class=\"features-title\">Mit einem 2&#8243;-1,25&#8243; Adapter<\/p>\n<p>Der Teleskopauszug wird mit einem Adapter von 2 Zoll auf 1,25 Zoll geliefert. So k\u00f6nnen Sie auch all Ihr 1,25-Zoll-Zubeh\u00f6r mit dem SV503-Teleskop verwenden.<\/p>\n<p>&nbsp;<\/p>\n<\/div>\n<\/li>\n<\/ul>\n<p><strong>Spezifikationen:<\/strong><\/p>\n<p>1.Breite des internen Schlitzes: 5,1mm<br \/>\n2. Horizontale L\u00e4nge des internen Steckplatzes: 37mm<br \/>\n3. Vertikale L\u00e4nge des internen Schlitzes: 35,5mm<br \/>\n4. Farbe: Schwarz<br \/>\n5. Gewicht: 41g<br \/>\n6. Kann befestigt werden: M3-M5-Schraube<\/p>\n<p>&nbsp;<\/p>\n<div id=\"aplus3p_feature_div\" data-cel-widget=\"aplus3p_feature_div\" data-csa-c-id=\"rbq6aw-15am0f-u1lamr-egx03e\" data-feature-name=\"aplus3p\">\n<div id=\"aplus\">\n<div data-cel-widget=\"aplus\" data-csa-c-id=\"br7z8d-ktgt62-uqpbs0-882i5s\">\n<div data-cel-widget=\"aplus-module-1\" data-csa-c-id=\"cu2ui0-y0d4n0-tmvb7h-sxik1d\">\n<div data-a-expander-collapsed-height=\"700\" data-a-expander-name=\"aplus-module-expander\">\n<div aria-expanded=\"false\">\n<p>Teleskop-Sucher mit Schwalbenschwanzbasis ist kompatibel mit Celestron C8\/C8HD\/C925\/C11HD und auch kompatibel mit SKYRVER 80ED\/100ED\/102ED\/130APO.<\/p>\n<p>Es passt auf M3-, M4-, M5- oder 1\/4-Zoll-Gewindeschrauben zur Montage Ihres optischen Tubus.<\/p>\n<p>&nbsp;<\/p>\n<p><strong>Paket beinhaltet:<\/strong><\/p>\n<div>1* SV503 102F7 ED Astronomische Fernrohre OTA<br \/>\n1* Paar Teleskop-Tubusring<br \/>\n1* 2&#8243;-1 .25&#8243; Adapter<br \/>\n1* Schwalbenschwanzplatte<br \/>\n1* Objektivabdeckung<br \/>\n1* 1,25&#8243;-Staubschutzhaube<\/div>\n<\/div>\n<\/div>\n<\/div>\n<\/div>\n<\/div>\n<\/div>\n","protected":false},"excerpt":{"rendered":"<p>SVBONY SV 503 102ED Professional<\/p>\n","protected":false},"featured_media":15231,"comment_status":"closed","ping_status":"closed","template":"","meta":{"spay_email":""},"_links":{"self":[{"href":"https:\/\/www.custom-drones.de\/index.php?rest_route=\/wp\/v2\/product\/15222"}],"collection":[{"href":"https:\/\/www.custom-drones.de\/index.php?rest_route=\/wp\/v2\/product"}],"about":[{"href":"https:\/\/www.custom-drones.de\/index.php?rest_route=\/wp\/v2\/types\/product"}],"replies":[{"embeddable":true,"href":"https:\/\/www.custom-drones.de\/index.php?rest_route=%2Fwp%2Fv2%2Fcomments&post=15222"}],"version-history":[{"count":1,"href":"https:\/\/www.custom-drones.de\/index.php?rest_route=\/wp\/v2\/product\/15222\/revisions"}],"predecessor-version":[{"id":15232,"href":"https:\/\/www.custom-drones.de\/index.php?rest_route=\/wp\/v2\/product\/15222\/revisions\/15232"}],"wp:featuredmedia":[{"embeddable":true,"href":"https:\/\/www.custom-drones.de\/index.php?rest_route=\/wp\/v2\/media\/15231"}],"wp:attachment":[{"href":"https:\/\/www.custom-drones.de\/index.php?rest_route=%2Fwp%2Fv2%2Fmedia&parent=15222"}],"curies":[{"name":"wp","href":"https:\/\/api.w.org\/{rel}","templated":true}]}}