{"id":12369,"date":"2021-05-11T10:00:08","date_gmt":"2021-05-11T08:00:08","guid":{"rendered":"https:\/\/www.custom-drones.de\/?post_type=product&#038;p=12369"},"modified":"2022-03-18T13:50:32","modified_gmt":"2022-03-18T12:50:32","slug":"oesterr-bh-schirmmuetzen-abzeichen-heer-neuwertig","status":"publish","type":"product","link":"https:\/\/www.custom-drones.de\/?product=oesterr-bh-schirmmuetzen-abzeichen-heer-neuwertig","title":{"rendered":"\u00d6sterr. BH Schirmm\u00fctzen- abzeichen, &#8220;Heer&#8221;, neuwertig"},"content":{"rendered":"<p>\u00d6sterr. BH Schirmm\u00fctzen-<br \/>\nabzeichen, &#8220;Heer&#8221;, neuwertig<\/p>\n<table width=\"100%\">\n<tbody>\n<tr>\n<td width=\"10%\">&nbsp;<\/td>\n<td width=\"90%\">&nbsp;<\/td>\n<\/tr>\n<\/tbody>\n<\/table>\n","protected":false},"excerpt":{"rendered":"<p>\u00d6sterr. BH Schirmm\u00fctzen-<br \/>\nabzeichen, &#8220;Heer&#8221;, neuwertig<\/p>\n<p>.<\/p>\n","protected":false},"featured_media":12385,"comment_status":"closed","ping_status":"closed","template":"","meta":{"spay_email":""},"_links":{"self":[{"href":"https:\/\/www.custom-drones.de\/index.php?rest_route=\/wp\/v2\/product\/12369"}],"collection":[{"href":"https:\/\/www.custom-drones.de\/index.php?rest_route=\/wp\/v2\/product"}],"about":[{"href":"https:\/\/www.custom-drones.de\/index.php?rest_route=\/wp\/v2\/types\/product"}],"replies":[{"embeddable":true,"href":"https:\/\/www.custom-drones.de\/index.php?rest_route=%2Fwp%2Fv2%2Fcomments&post=12369"}],"version-history":[{"count":1,"href":"https:\/\/www.custom-drones.de\/index.php?rest_route=\/wp\/v2\/product\/12369\/revisions"}],"predecessor-version":[{"id":12389,"href":"https:\/\/www.custom-drones.de\/index.php?rest_route=\/wp\/v2\/product\/12369\/revisions\/12389"}],"wp:featuredmedia":[{"embeddable":true,"href":"https:\/\/www.custom-drones.de\/index.php?rest_route=\/wp\/v2\/media\/12385"}],"wp:attachment":[{"href":"https:\/\/www.custom-drones.de\/index.php?rest_route=%2Fwp%2Fv2%2Fmedia&parent=12369"}],"curies":[{"name":"wp","href":"https:\/\/api.w.org\/{rel}","templated":true}]}}