{"id":12341,"date":"2021-05-11T09:38:27","date_gmt":"2021-05-11T07:38:27","guid":{"rendered":"https:\/\/www.custom-drones.de\/?post_type=product&#038;p=12341"},"modified":"2022-03-18T13:50:42","modified_gmt":"2022-03-18T12:50:42","slug":"feueranzuender-wachsstaebe-12-stueck","status":"publish","type":"product","link":"https:\/\/www.custom-drones.de\/?product=feueranzuender-wachsstaebe-12-stueck","title":{"rendered":"Feueranz\u00fcnder, Wachsst\u00e4be, 12 St\u00fcck"},"content":{"rendered":"<p>Feueranz\u00fcnder, Wachsst\u00e4be,<br \/>\n12 St\u00fcck<\/p>\n<table width=\"100%\">\n<tbody>\n<tr>\n<td width=\"10%\"><\/td>\n<td width=\"90%\">\n<div class=\"page_margins\">\n<div class=\"page\">\n<div class=\"pagePadding\">\n<div id=\"main\">\n<div id=\"col3\" role=\"main\">\n<div id=\"col3_content\" class=\"clearfix\">\n<div class=\"hproduct\">\n<div class=\"jquery_tabs\">\n<div class=\"tabs-content description\">\n<p>geruchlos<br \/>\nverbrennt r\u00fcckstandslos<br \/>\neinfach und sicher anzuwenden<br \/>\nwasserfest<br \/>\nhandlich und leicht<br \/>\nMa\u00dfe pro St\u00fcck: ca. 12 x 1,3 x 1 cm<\/p>\n<p>Zusammensetzung:<br \/>\nBaumwolle, Paraffin, Pflanzen\u00f6l<\/p>\n<\/div>\n<\/div>\n<\/div>\n<\/div>\n<\/div>\n<\/div>\n<\/div>\n<\/div>\n<\/div>\n<\/td>\n<\/tr>\n<\/tbody>\n<\/table>\n<p>&nbsp;<\/p>\n","protected":false},"excerpt":{"rendered":"<p>Feueranz\u00fcnder, Wachsst\u00e4be,<br \/>\n12 St\u00fcck<\/p>\n<p>&nbsp;<\/p>\n<p>.<\/p>\n","protected":false},"featured_media":12342,"comment_status":"closed","ping_status":"closed","template":"","meta":{"spay_email":""},"_links":{"self":[{"href":"https:\/\/www.custom-drones.de\/index.php?rest_route=\/wp\/v2\/product\/12341"}],"collection":[{"href":"https:\/\/www.custom-drones.de\/index.php?rest_route=\/wp\/v2\/product"}],"about":[{"href":"https:\/\/www.custom-drones.de\/index.php?rest_route=\/wp\/v2\/types\/product"}],"replies":[{"embeddable":true,"href":"https:\/\/www.custom-drones.de\/index.php?rest_route=%2Fwp%2Fv2%2Fcomments&post=12341"}],"version-history":[{"count":2,"href":"https:\/\/www.custom-drones.de\/index.php?rest_route=\/wp\/v2\/product\/12341\/revisions"}],"predecessor-version":[{"id":14745,"href":"https:\/\/www.custom-drones.de\/index.php?rest_route=\/wp\/v2\/product\/12341\/revisions\/14745"}],"wp:featuredmedia":[{"embeddable":true,"href":"https:\/\/www.custom-drones.de\/index.php?rest_route=\/wp\/v2\/media\/12342"}],"wp:attachment":[{"href":"https:\/\/www.custom-drones.de\/index.php?rest_route=%2Fwp%2Fv2%2Fmedia&parent=12341"}],"curies":[{"name":"wp","href":"https:\/\/api.w.org\/{rel}","templated":true}]}}