{"id":12230,"date":"2021-05-10T14:36:47","date_gmt":"2021-05-10T12:36:47","guid":{"rendered":"https:\/\/www.custom-drones.de\/?post_type=product&#038;p=12230"},"modified":"2022-03-18T13:50:48","modified_gmt":"2022-03-18T12:50:48","slug":"red-dot-visier-fuer-22mm-20mm-schiene","status":"publish","type":"product","link":"https:\/\/www.custom-drones.de\/?product=red-dot-visier-fuer-22mm-20mm-schiene","title":{"rendered":"Red Dot Visier f\u00fcr 22mm\/20mm Schiene"},"content":{"rendered":"<p>Red Dot Visier f\u00fcr 22mm\/20mm Schiene<\/p>\n<table width=\"100%\">\n<tbody>\n<tr>\n<td width=\"10%\"><\/td>\n<td width=\"90%\">\n<div class=\"page_margins\">\n<div class=\"page\">\n<div class=\"pagePadding\">\n<div id=\"main\">\n<div id=\"col3\" role=\"main\">\n<div id=\"col3_content\" class=\"clearfix\">\n<div class=\"hproduct\">\n<div class=\"jquery_tabs\">\n<div class=\"tabs-content description\">\n<ul class=\"a-unordered-list a-vertical a-spacing-mini\">\n<li><span class=\"a-list-item\">Red Dot Sight mit 30mm Reflexoptik, die effizient ein breites Sichtfeld bietet. Ideal f\u00fcr schnellfeuer und bewegliche Ziele.<\/span><\/li>\n<li><span class=\"a-list-item\">Visier mit rot gr\u00fcn beleuchteten Absehen mit 5 Mustern bieten unbegrenzten Augenabstand und korrigierte Parallaxe.<\/span><\/li>\n<li><span class=\"a-list-item\">Visier aus hochwertiger Aluminium-Legierung.<\/span><\/li>\n<li><span class=\"a-list-item\">Dieses Red Dot Scope f\u00fcr 22mm Weaver \/ Picatinny, sehr stabile und sichere Schienenmontage.\u00a0<\/span><\/li>\n<li><span class=\"a-list-item\">Zubeh\u00f6r: Das Paket enth\u00e4lt eine Objektivabdeckung, die das Reflexvisier bei Nichtgebrauch sch\u00fctzt. Mit dem mitgelieferten Inbusschl\u00fcssel k\u00f6nnen Sie H\u00f6hen- und Seitenverstellung leicht mit der Feststellschraube justieren.<\/span><\/li>\n<\/ul>\n<\/div>\n<\/div>\n<\/div>\n<\/div>\n<\/div>\n<\/div>\n<\/div>\n<\/div>\n<\/div>\n<\/td>\n<\/tr>\n<\/tbody>\n<\/table>\n","protected":false},"excerpt":{"rendered":"<p>Red Dot Visier f\u00fcr 22mm\/20mm Schiene<\/p>\n<p>&nbsp;<\/p>\n<p>.<\/p>\n","protected":false},"featured_media":12249,"comment_status":"closed","ping_status":"closed","template":"","meta":{"spay_email":""},"_links":{"self":[{"href":"https:\/\/www.custom-drones.de\/index.php?rest_route=\/wp\/v2\/product\/12230"}],"collection":[{"href":"https:\/\/www.custom-drones.de\/index.php?rest_route=\/wp\/v2\/product"}],"about":[{"href":"https:\/\/www.custom-drones.de\/index.php?rest_route=\/wp\/v2\/types\/product"}],"replies":[{"embeddable":true,"href":"https:\/\/www.custom-drones.de\/index.php?rest_route=%2Fwp%2Fv2%2Fcomments&post=12230"}],"version-history":[{"count":3,"href":"https:\/\/www.custom-drones.de\/index.php?rest_route=\/wp\/v2\/product\/12230\/revisions"}],"predecessor-version":[{"id":14675,"href":"https:\/\/www.custom-drones.de\/index.php?rest_route=\/wp\/v2\/product\/12230\/revisions\/14675"}],"wp:featuredmedia":[{"embeddable":true,"href":"https:\/\/www.custom-drones.de\/index.php?rest_route=\/wp\/v2\/media\/12249"}],"wp:attachment":[{"href":"https:\/\/www.custom-drones.de\/index.php?rest_route=%2Fwp%2Fv2%2Fmedia&parent=12230"}],"curies":[{"name":"wp","href":"https:\/\/api.w.org\/{rel}","templated":true}]}}