{"id":12173,"date":"2021-05-08T14:00:10","date_gmt":"2021-05-08T12:00:10","guid":{"rendered":"https:\/\/www.custom-drones.de\/?post_type=product&#038;p=12173"},"modified":"2022-03-18T13:50:53","modified_gmt":"2022-03-18T12:50:53","slug":"tool-beil-schwarz-mit-kopftasche","status":"publish","type":"product","link":"https:\/\/www.custom-drones.de\/?product=tool-beil-schwarz-mit-kopftasche","title":{"rendered":"Tool Beil schwarz mit Kopftasche"},"content":{"rendered":"<p>Tool Beil schwarz mit Kopftasche<\/p>\n<table width=\"100%\">\n<tbody>\n<tr>\n<td width=\"10%\">&nbsp;<\/td>\n<td width=\"90%\">\n<div class=\"page_margins\">\n<div class=\"page\">\n<div class=\"pagePadding\">\n<div id=\"main\">\n<div id=\"col3\" role=\"main\">\n<div id=\"col3_content\" class=\"clearfix\">\n<div class=\"hproduct\">\n<div class=\"jquery_tabs\">\n<div class=\"tabs-content description\">\n<p>Beilkopf: 3CR13 Stahl<br \/>\nGriff: ABS Kunststoff<br \/>\nKopftasche: 100% Nylon<br \/>\nKlingenl\u00e4nge: 11,5 cm<br \/>\nGesamtl\u00e4nge: 32,5 cm<br \/>\nGewicht: 380 g<\/p>\n<p>&#8211; Beil liegt gut und sicher in der Hand<br \/>\n&#8211; geschraubter Griff<br \/>\n&#8211; Beilkopf mit integriertem Schraubenschl\u00fcssel (3 Gr\u00f6\u00dfen)<br \/>\n&#8211; inklusive Rei\u00dfhaken<br \/>\n&#8211; Kopftasche l\u00e4sst sich an G\u00fcrtel befestigen<\/p>\n<\/div>\n<\/div>\n<\/div>\n<\/div>\n<\/div>\n<\/div>\n<\/div>\n<\/div>\n<\/div>\n<\/td>\n<\/tr>\n<\/tbody>\n<\/table>\n","protected":false},"excerpt":{"rendered":"<p>Tool Beil schwarz mit Kopftasche<\/p>\n<p>&nbsp;<\/p>\n<p>.<\/p>\n","protected":false},"featured_media":12185,"comment_status":"closed","ping_status":"closed","template":"","meta":{"spay_email":""},"_links":{"self":[{"href":"https:\/\/www.custom-drones.de\/index.php?rest_route=\/wp\/v2\/product\/12173"}],"collection":[{"href":"https:\/\/www.custom-drones.de\/index.php?rest_route=\/wp\/v2\/product"}],"about":[{"href":"https:\/\/www.custom-drones.de\/index.php?rest_route=\/wp\/v2\/types\/product"}],"replies":[{"embeddable":true,"href":"https:\/\/www.custom-drones.de\/index.php?rest_route=%2Fwp%2Fv2%2Fcomments&post=12173"}],"version-history":[{"count":1,"href":"https:\/\/www.custom-drones.de\/index.php?rest_route=\/wp\/v2\/product\/12173\/revisions"}],"predecessor-version":[{"id":12186,"href":"https:\/\/www.custom-drones.de\/index.php?rest_route=\/wp\/v2\/product\/12173\/revisions\/12186"}],"wp:featuredmedia":[{"embeddable":true,"href":"https:\/\/www.custom-drones.de\/index.php?rest_route=\/wp\/v2\/media\/12185"}],"wp:attachment":[{"href":"https:\/\/www.custom-drones.de\/index.php?rest_route=%2Fwp%2Fv2%2Fmedia&parent=12173"}],"curies":[{"name":"wp","href":"https:\/\/api.w.org\/{rel}","templated":true}]}}