{"id":12061,"date":"2021-05-07T14:47:43","date_gmt":"2021-05-07T12:47:43","guid":{"rendered":"https:\/\/www.custom-drones.de\/?post_type=product&#038;p=12061"},"modified":"2022-03-18T13:54:14","modified_gmt":"2022-03-18T12:54:14","slug":"gewehrtasche-large","status":"publish","type":"product","link":"https:\/\/www.custom-drones.de\/?product=gewehrtasche-large","title":{"rendered":"Gewehrtasche Large"},"content":{"rendered":"<p>Gewehrtasche Large<\/p>\n<table width=\"100%\">\n<tbody>\n<tr>\n<td width=\"10%\">&nbsp;<\/td>\n<td width=\"90%\">\n<div class=\"field\" data-name=\"description\">\n<div class=\"complex-text-container\">\n<div class=\"complex-text\">\n<div class=\"page_margins\">\n<div class=\"page\">\n<div class=\"pagePadding\">\n<div id=\"main\">\n<div id=\"col3\" role=\"main\">\n<div id=\"col3_content\" class=\"clearfix\">\n<div class=\"hproduct\">\n<div class=\"jquery_tabs\">\n<div class=\"tabs-content description\">\n<div class=\"page_margins\">\n<div class=\"page\">\n<div class=\"pagePadding\">\n<div id=\"main\">\n<div id=\"col3\" role=\"main\">\n<div id=\"col3_content\" class=\"clearfix\">\n<div class=\"hproduct\">\n<div class=\"jquery_tabs\">\n<div class=\"tabs-content description\">\n<div class=\"page_margins\">\n<div class=\"page\">\n<div class=\"pagePadding\">\n<div id=\"main\">\n<div id=\"col3\" role=\"main\">\n<div id=\"col3_content\" class=\"clearfix\">\n<div class=\"hproduct\">\n<div class=\"jquery_tabs\">\n<div class=\"tabs-content description\">\n<div class=\"page_margins\">\n<div class=\"page\">\n<div class=\"pagePadding\">\n<div id=\"main\">\n<div id=\"col3\" role=\"main\">\n<div id=\"col3_content\" class=\"clearfix\">\n<div class=\"hproduct\">\n<div class=\"jquery_tabs\">\n<div class=\"tabs-content description\">\n<div class=\"page_margins\">\n<div class=\"page\">\n<div class=\"pagePadding\">\n<div id=\"main\">\n<div id=\"col3\" role=\"main\">\n<div id=\"col3_content\" class=\"clearfix\">\n<div class=\"hproduct\">\n<div class=\"jquery_tabs\">\n<div class=\"tabs-content description\">\n<div class=\"page_margins\">\n<div class=\"page\">\n<div class=\"pagePadding\">\n<div id=\"main\">\n<div id=\"col3\" role=\"main\">\n<div id=\"col3_content\" class=\"clearfix\">\n<div class=\"hproduct\">\n<div class=\"jquery_tabs\">\n<div class=\"tabs-content description\">\n<div class=\"page_margins\">\n<div class=\"page\">\n<div class=\"pagePadding\">\n<div id=\"main\">\n<div id=\"col3\" role=\"main\">\n<div id=\"col3_content\" class=\"clearfix\">\n<div class=\"hproduct\">\n<div class=\"jquery_tabs\">\n<div class=\"tabs-content description\">\n<div class=\"page_margins\">\n<div class=\"page\">\n<div class=\"pagePadding\">\n<div id=\"main\">\n<div id=\"col3\" role=\"main\">\n<div id=\"col3_content\" class=\"clearfix\">\n<div class=\"hproduct\">\n<div class=\"jquery_tabs\">\n<div class=\"tabs-content description\">\n<div class=\"page_margins\">\n<div class=\"page\">\n<div class=\"pagePadding\">\n<div id=\"main\">\n<div id=\"col3\" role=\"main\">\n<div id=\"col3_content\" class=\"clearfix\">\n<div class=\"hproduct\">\n<div class=\"jquery_tabs\">\n<div class=\"tabs-content description\">\n<p>100 % Polyester (Oxford), Polyvinylchlorid beschichtet<br \/>\n1.000 mm Wassers\u00e4ule<br \/>\nGewicht: 450 g\/qm<br \/>\nL\u00e4nge: 105 cm<\/p>\n<p>&#8211; Hauptfach mit Klett-Fixiergurten und Steckf\u00e4chern<br \/>\n&#8211; abklappbares Vorderteil mit 3 aufgesetzten Au\u00dfentaschen mit Steckverschluss und Klettsicherung<br \/>\n&#8211; R\u00fcckseite mit 4 Kunststoffbefestigungen f\u00fcr optionale Trageriemen (nicht enthalten)<br \/>\n&#8211; Kompressionsriemen mit Steckschlie\u00dfen oben und unten<br \/>\n&#8211; Geeignet f\u00fcr Langwaffen bis 100 cm<br \/>\n&#8211; Tragegriff<br \/>\n&#8211; s\u00e4mtliche Steckf\u00e4cher und Taschen mit Schnapp- und Rei\u00dfverschl\u00fcssen<br \/>\n&#8211; Schlaufen und D-Ringe zur Befestigung weiterer Gegenst\u00e4nde<\/p>\n<\/div>\n<\/div>\n<\/div>\n<\/div>\n<\/div>\n<\/div>\n<\/div>\n<\/div>\n<\/div>\n<\/div>\n<\/div>\n<\/div>\n<\/div>\n<\/div>\n<\/div>\n<\/div>\n<\/div>\n<\/div>\n<\/div>\n<\/div>\n<\/div>\n<\/div>\n<\/div>\n<\/div>\n<\/div>\n<\/div>\n<\/div>\n<\/div>\n<\/div>\n<\/div>\n<\/div>\n<\/div>\n<\/div>\n<\/div>\n<\/div>\n<\/div>\n<\/div>\n<\/div>\n<\/div>\n<\/div>\n<\/div>\n<\/div>\n<\/div>\n<\/div>\n<\/div>\n<\/div>\n<\/div>\n<\/div>\n<\/div>\n<\/div>\n<\/div>\n<\/div>\n<\/div>\n<\/div>\n<\/div>\n<\/div>\n<\/div>\n<\/div>\n<\/div>\n<\/div>\n<\/div>\n<\/div>\n<\/div>\n<\/div>\n<\/div>\n<\/div>\n<\/div>\n<\/div>\n<\/div>\n<\/div>\n<\/div>\n<\/div>\n<\/div>\n<\/div>\n<\/div>\n<\/div>\n<\/div>\n<\/div>\n<\/div>\n<\/div>\n<\/div>\n<\/div>\n<\/div>\n<\/div>\n<\/td>\n<\/tr>\n<\/tbody>\n<\/table>\n","protected":false},"excerpt":{"rendered":"<p>Gewehrtasche Large<\/p>\n","protected":false},"featured_media":12076,"comment_status":"closed","ping_status":"closed","template":"","meta":{"spay_email":""},"_links":{"self":[{"href":"https:\/\/www.custom-drones.de\/index.php?rest_route=\/wp\/v2\/product\/12061"}],"collection":[{"href":"https:\/\/www.custom-drones.de\/index.php?rest_route=\/wp\/v2\/product"}],"about":[{"href":"https:\/\/www.custom-drones.de\/index.php?rest_route=\/wp\/v2\/types\/product"}],"replies":[{"embeddable":true,"href":"https:\/\/www.custom-drones.de\/index.php?rest_route=%2Fwp%2Fv2%2Fcomments&post=12061"}],"version-history":[{"count":2,"href":"https:\/\/www.custom-drones.de\/index.php?rest_route=\/wp\/v2\/product\/12061\/revisions"}],"predecessor-version":[{"id":12081,"href":"https:\/\/www.custom-drones.de\/index.php?rest_route=\/wp\/v2\/product\/12061\/revisions\/12081"}],"wp:featuredmedia":[{"embeddable":true,"href":"https:\/\/www.custom-drones.de\/index.php?rest_route=\/wp\/v2\/media\/12076"}],"wp:attachment":[{"href":"https:\/\/www.custom-drones.de\/index.php?rest_route=%2Fwp%2Fv2%2Fmedia&parent=12061"}],"curies":[{"name":"wp","href":"https:\/\/api.w.org\/{rel}","templated":true}]}}