{"id":11888,"date":"2021-05-06T12:30:49","date_gmt":"2021-05-06T10:30:49","guid":{"rendered":"https:\/\/www.custom-drones.de\/?post_type=product&#038;p=11888"},"modified":"2022-03-18T13:53:39","modified_gmt":"2022-03-18T12:53:39","slug":"einsatzweste-mit-release","status":"publish","type":"product","link":"https:\/\/www.custom-drones.de\/?product=einsatzweste-mit-release","title":{"rendered":"Einsatzweste mit Release"},"content":{"rendered":"<p>Einsatzweste mit Release<\/p>\n<table width=\"100%\">\n<tbody>\n<tr>\n<td width=\"10%\">&nbsp;<\/td>\n<td width=\"90%\">100% Polyester (Oxford), Polyvinylchlorid beschichtet<br \/>\n1.000 mm Wassers\u00e4ule<br \/>\nGewicht: 450 g\/qm- Weste mit vielen unterschiedlich gro\u00dfen abnehmbaren Taschen<br \/>\n&#8211; individuelle Gr\u00f6\u00dfenanpassung durch seitliches Klettband<br \/>\n&#8211; modulares Schlaufensystem erm\u00f6glicht weiteres Anbringen von Ausr\u00fcstungsgegenst\u00e4nden<br \/>\n&#8211; Rettungsgriff auf dem R\u00fccken<br \/>\n&#8211; Weste kann durch Polsterung bzw. Platten verst\u00e4rkt werden<br \/>\n&#8211; Release-Griff erm\u00f6glicht mit einer Hand das \u00d6ffnen der Weste<\/td>\n<\/tr>\n<\/tbody>\n<\/table>\n<div class=\"page_margins\">\n<div class=\"page\">\n<div class=\"pagePadding\">\n<div id=\"main\">\n<div id=\"col3\" role=\"main\">\n<div id=\"col3_content\" class=\"clearfix\">\n<div class=\"hproduct\">\n<div class=\"jquery_tabs\">\n<div class=\"tabs-content description\">\n<p>&nbsp;<\/p>\n<\/div>\n<\/div>\n<\/div>\n<\/div>\n<\/div>\n<\/div>\n<\/div>\n<\/div>\n<\/div>\n","protected":false},"excerpt":{"rendered":"<p>Einsatzweste mit Release<\/p>\n","protected":false},"featured_media":11976,"comment_status":"closed","ping_status":"closed","template":"","meta":{"spay_email":""},"_links":{"self":[{"href":"https:\/\/www.custom-drones.de\/index.php?rest_route=\/wp\/v2\/product\/11888"}],"collection":[{"href":"https:\/\/www.custom-drones.de\/index.php?rest_route=\/wp\/v2\/product"}],"about":[{"href":"https:\/\/www.custom-drones.de\/index.php?rest_route=\/wp\/v2\/types\/product"}],"replies":[{"embeddable":true,"href":"https:\/\/www.custom-drones.de\/index.php?rest_route=%2Fwp%2Fv2%2Fcomments&post=11888"}],"version-history":[{"count":3,"href":"https:\/\/www.custom-drones.de\/index.php?rest_route=\/wp\/v2\/product\/11888\/revisions"}],"predecessor-version":[{"id":11979,"href":"https:\/\/www.custom-drones.de\/index.php?rest_route=\/wp\/v2\/product\/11888\/revisions\/11979"}],"wp:featuredmedia":[{"embeddable":true,"href":"https:\/\/www.custom-drones.de\/index.php?rest_route=\/wp\/v2\/media\/11976"}],"wp:attachment":[{"href":"https:\/\/www.custom-drones.de\/index.php?rest_route=%2Fwp%2Fv2%2Fmedia&parent=11888"}],"curies":[{"name":"wp","href":"https:\/\/api.w.org\/{rel}","templated":true}]}}