{"id":11680,"date":"2021-05-05T18:49:12","date_gmt":"2021-05-05T16:49:12","guid":{"rendered":"https:\/\/www.custom-drones.de\/?post_type=product&#038;p=11680"},"modified":"2022-03-18T13:53:53","modified_gmt":"2022-03-18T12:53:53","slug":"survival-tool-paracord-schwarz-m-huelle","status":"publish","type":"product","link":"https:\/\/www.custom-drones.de\/?product=survival-tool-paracord-schwarz-m-huelle","title":{"rendered":"Survival Tool Paracord schwarz m. H\u00fclle"},"content":{"rendered":"<p>Survival Tool Paracord schwarz m. H\u00fclle<\/p>\n<table width=\"100%\">\n<tbody>\n<tr>\n<td width=\"10%\"><\/td>\n<td width=\"90%\">\n<div class=\"field\" data-name=\"description\">\n<div class=\"complex-text-container\">\n<div class=\"complex-text\">\n<div class=\"page_margins\">\n<div class=\"page\">\n<div class=\"pagePadding\">\n<div id=\"main\">\n<div id=\"col3\" role=\"main\">\n<div id=\"col3_content\" class=\"clearfix\">\n<div class=\"hproduct\">\n<div class=\"jquery_tabs\">\n<div class=\"tabs-content description\">\n<div class=\"page_margins\">\n<div class=\"page\">\n<div class=\"pagePadding\">\n<div id=\"main\">\n<div id=\"col3\" role=\"main\">\n<div id=\"col3_content\" class=\"clearfix\">\n<div class=\"hproduct\">\n<div class=\"jquery_tabs\">\n<div class=\"tabs-content description\">\n<p>2CR13 rostfreier Stahl<br \/>\nH\u00fclle: 100% Polypropylen<br \/>\nMa\u00dfe: 8,5 x 5,3 cm<br \/>\nGewicht: 34 g<\/p>\n<p>12 Tools:<br \/>\n&#8211; Flaschen\u00f6ffner<br \/>\n&#8211; Messerklinge<br \/>\n&#8211; Schraubendreher<br \/>\n&#8211; Lineal<br \/>\n&#8211; Dosen\u00f6ffner<br \/>\n&#8211; Schraubenschl\u00fcssel (4 Gr\u00f6\u00dfen)<br \/>\n&#8211; Fl\u00fcgelschraubenschl\u00fcssel<br \/>\n&#8211; S\u00e4geklinge<br \/>\n&#8211; Orientierungshilfe<br \/>\n&#8211; Loch f\u00fcr Schl\u00fcsselring<br \/>\n&#8211; Paracordleine<br \/>\n&#8211; Nagelklaue<\/p>\n<\/div>\n<\/div>\n<\/div>\n<\/div>\n<\/div>\n<\/div>\n<\/div>\n<\/div>\n<\/div>\n<\/div>\n<\/div>\n<\/div>\n<\/div>\n<\/div>\n<\/div>\n<\/div>\n<\/div>\n<\/div>\n<\/div>\n<\/div>\n<\/div>\n<\/td>\n<\/tr>\n<\/tbody>\n<\/table>\n","protected":false},"excerpt":{"rendered":"<p>Survival Tool Paracord schwarz m. H\u00fclle<\/p>\n","protected":false},"featured_media":11691,"comment_status":"closed","ping_status":"closed","template":"","meta":{"spay_email":""},"_links":{"self":[{"href":"https:\/\/www.custom-drones.de\/index.php?rest_route=\/wp\/v2\/product\/11680"}],"collection":[{"href":"https:\/\/www.custom-drones.de\/index.php?rest_route=\/wp\/v2\/product"}],"about":[{"href":"https:\/\/www.custom-drones.de\/index.php?rest_route=\/wp\/v2\/types\/product"}],"replies":[{"embeddable":true,"href":"https:\/\/www.custom-drones.de\/index.php?rest_route=%2Fwp%2Fv2%2Fcomments&post=11680"}],"version-history":[{"count":2,"href":"https:\/\/www.custom-drones.de\/index.php?rest_route=\/wp\/v2\/product\/11680\/revisions"}],"predecessor-version":[{"id":14812,"href":"https:\/\/www.custom-drones.de\/index.php?rest_route=\/wp\/v2\/product\/11680\/revisions\/14812"}],"wp:featuredmedia":[{"embeddable":true,"href":"https:\/\/www.custom-drones.de\/index.php?rest_route=\/wp\/v2\/media\/11691"}],"wp:attachment":[{"href":"https:\/\/www.custom-drones.de\/index.php?rest_route=%2Fwp%2Fv2%2Fmedia&parent=11680"}],"curies":[{"name":"wp","href":"https:\/\/api.w.org\/{rel}","templated":true}]}}