{"id":11678,"date":"2021-05-05T18:48:57","date_gmt":"2021-05-05T16:48:57","guid":{"rendered":"https:\/\/www.custom-drones.de\/?post_type=product&#038;p=11678"},"modified":"2022-03-18T13:53:55","modified_gmt":"2022-03-18T12:53:55","slug":"survival-tool-blank-m-huelle","status":"publish","type":"product","link":"https:\/\/www.custom-drones.de\/?product=survival-tool-blank-m-huelle","title":{"rendered":"Survival Tool blank m. H\u00fclle"},"content":{"rendered":"<p>Survival Tool blank m. H\u00fclle<\/p>\n<table width=\"100%\">\n<tbody>\n<tr>\n<td width=\"10%\"><\/td>\n<td width=\"90%\">\n<div class=\"field\" data-name=\"description\">\n<div class=\"complex-text-container\">\n<div class=\"complex-text\">\n<div class=\"page_margins\">\n<div class=\"page\">\n<div class=\"pagePadding\">\n<div id=\"main\">\n<div id=\"col3\" role=\"main\">\n<div id=\"col3_content\" class=\"clearfix\">\n<div class=\"hproduct\">\n<div class=\"jquery_tabs\">\n<div class=\"tabs-content description\">\n<div class=\"page_margins\">\n<div class=\"page\">\n<div class=\"pagePadding\">\n<div id=\"main\">\n<div id=\"col3\" role=\"main\">\n<div id=\"col3_content\" class=\"clearfix\">\n<div class=\"hproduct\">\n<div class=\"jquery_tabs\">\n<div class=\"tabs-content description\">\n<p>Edelstahl<br \/>\nH\u00fclle: 100% Polypropylen<br \/>\nMa\u00dfe: 6,8 x 4,5 cm<\/p>\n<p>11 Tools:<br \/>\n&#8211; Flaschen\u00f6ffner<br \/>\n&#8211; Messer<br \/>\n&#8211; Schraubendreher<br \/>\n&#8211; Lineal<br \/>\n&#8211; Dosen\u00f6ffner<br \/>\n&#8211; Schraubenschl\u00fcssel (6 Gr\u00f6\u00dfen)<br \/>\n&#8211; Fl\u00fcgelschraubenschl\u00fcssel<br \/>\n&#8211; S\u00e4geklinge<br \/>\n&#8211; Orientierungshilfe<br \/>\n&#8211; Loch f\u00fcr Schl\u00fcsselring<\/p>\n<\/div>\n<\/div>\n<\/div>\n<\/div>\n<\/div>\n<\/div>\n<\/div>\n<\/div>\n<\/div>\n<\/div>\n<\/div>\n<\/div>\n<\/div>\n<\/div>\n<\/div>\n<\/div>\n<\/div>\n<\/div>\n<\/div>\n<\/div>\n<\/div>\n<\/td>\n<\/tr>\n<\/tbody>\n<\/table>\n","protected":false},"excerpt":{"rendered":"<p>Survival Tool blank m. H\u00fclle<\/p>\n","protected":false},"featured_media":11687,"comment_status":"closed","ping_status":"closed","template":"","meta":{"spay_email":""},"_links":{"self":[{"href":"https:\/\/www.custom-drones.de\/index.php?rest_route=\/wp\/v2\/product\/11678"}],"collection":[{"href":"https:\/\/www.custom-drones.de\/index.php?rest_route=\/wp\/v2\/product"}],"about":[{"href":"https:\/\/www.custom-drones.de\/index.php?rest_route=\/wp\/v2\/types\/product"}],"replies":[{"embeddable":true,"href":"https:\/\/www.custom-drones.de\/index.php?rest_route=%2Fwp%2Fv2%2Fcomments&post=11678"}],"version-history":[{"count":2,"href":"https:\/\/www.custom-drones.de\/index.php?rest_route=\/wp\/v2\/product\/11678\/revisions"}],"predecessor-version":[{"id":14811,"href":"https:\/\/www.custom-drones.de\/index.php?rest_route=\/wp\/v2\/product\/11678\/revisions\/14811"}],"wp:featuredmedia":[{"embeddable":true,"href":"https:\/\/www.custom-drones.de\/index.php?rest_route=\/wp\/v2\/media\/11687"}],"wp:attachment":[{"href":"https:\/\/www.custom-drones.de\/index.php?rest_route=%2Fwp%2Fv2%2Fmedia&parent=11678"}],"curies":[{"name":"wp","href":"https:\/\/api.w.org\/{rel}","templated":true}]}}