{"id":11623,"date":"2021-05-05T13:14:45","date_gmt":"2021-05-05T11:14:45","guid":{"rendered":"https:\/\/www.custom-drones.de\/?post_type=product&#038;p=11623"},"modified":"2022-03-18T13:54:00","modified_gmt":"2022-03-18T12:54:00","slug":"multitool-black-lg-m-etui","status":"publish","type":"product","link":"https:\/\/www.custom-drones.de\/?product=multitool-black-lg-m-etui","title":{"rendered":"Multitool black LG m. Etui"},"content":{"rendered":"<p>Multitool black LG m. Etui<\/p>\n<table width=\"100%\">\n<tbody>\n<tr>\n<td width=\"10%\"><\/td>\n<td width=\"90%\">\n<div class=\"field\" data-name=\"description\">\n<div class=\"complex-text-container\">\n<div class=\"complex-text\">\n<div class=\"page_margins\">\n<div class=\"page\">\n<div class=\"pagePadding\">\n<div id=\"main\">\n<div id=\"col3\" role=\"main\">\n<div id=\"col3_content\" class=\"clearfix\">\n<div class=\"hproduct\">\n<div class=\"jquery_tabs\">\n<div class=\"tabs-content description\">\n<div class=\"page_margins\">\n<div class=\"page\">\n<div class=\"pagePadding\">\n<div id=\"main\">\n<div id=\"col3\" role=\"main\">\n<div id=\"col3_content\" class=\"clearfix\">\n<div class=\"hproduct\">\n<div class=\"jquery_tabs\">\n<div class=\"tabs-content description\">\n<p>2Cr13 Stahl<br \/>\nGeh\u00e4use\/Griff: Aluminium<br \/>\nEtui: 100% Nylon<br \/>\nL\u00e4nge gesamt: 17 cm<br \/>\nL\u00e4nge Geh\u00e4use: 11 cm<br \/>\nPackma\u00df: 11 x 4,5 x 2,5 cm<br \/>\nGewicht: 308 g<\/p>\n<p>&#8211; kompaktes Multi Tool mit Lanyard<br \/>\n&#8211; alle Werkzeuge lassen sich mit einer Hand ausklappen<br \/>\n&#8211; Arretierung erm\u00f6glicht sicheres und genaues Arbeiten<br \/>\n&#8211; 9 Werkzeuge stehen zur Verf\u00fcgung<br \/>\n&#8211; Zange, Feile, Dorn, 2 Schlitz- und ein Kreuzschraubendreher, Dosen\u00f6ffner, Messer, S\u00e4ge<br \/>\n&#8211; ein t\u00e4glicher Begleiter f\u00fcr drinnen und drau\u00dfen<br \/>\n&#8211; inklusive Etui und Geschenkbox<\/p>\n<\/div>\n<\/div>\n<\/div>\n<\/div>\n<\/div>\n<\/div>\n<\/div>\n<\/div>\n<\/div>\n<\/div>\n<\/div>\n<\/div>\n<\/div>\n<\/div>\n<\/div>\n<\/div>\n<\/div>\n<\/div>\n<\/div>\n<\/div>\n<\/div>\n<\/td>\n<\/tr>\n<\/tbody>\n<\/table>\n","protected":false},"excerpt":{"rendered":"<p>Multitool black LG m. Etui<\/p>\n","protected":false},"featured_media":11683,"comment_status":"closed","ping_status":"closed","template":"","meta":{"spay_email":""},"_links":{"self":[{"href":"https:\/\/www.custom-drones.de\/index.php?rest_route=\/wp\/v2\/product\/11623"}],"collection":[{"href":"https:\/\/www.custom-drones.de\/index.php?rest_route=\/wp\/v2\/product"}],"about":[{"href":"https:\/\/www.custom-drones.de\/index.php?rest_route=\/wp\/v2\/types\/product"}],"replies":[{"embeddable":true,"href":"https:\/\/www.custom-drones.de\/index.php?rest_route=%2Fwp%2Fv2%2Fcomments&post=11623"}],"version-history":[{"count":2,"href":"https:\/\/www.custom-drones.de\/index.php?rest_route=\/wp\/v2\/product\/11623\/revisions"}],"predecessor-version":[{"id":14799,"href":"https:\/\/www.custom-drones.de\/index.php?rest_route=\/wp\/v2\/product\/11623\/revisions\/14799"}],"wp:featuredmedia":[{"embeddable":true,"href":"https:\/\/www.custom-drones.de\/index.php?rest_route=\/wp\/v2\/media\/11683"}],"wp:attachment":[{"href":"https:\/\/www.custom-drones.de\/index.php?rest_route=%2Fwp%2Fv2%2Fmedia&parent=11623"}],"curies":[{"name":"wp","href":"https:\/\/api.w.org\/{rel}","templated":true}]}}