{"id":11446,"date":"2021-05-04T13:26:19","date_gmt":"2021-05-04T11:26:19","guid":{"rendered":"https:\/\/www.custom-drones.de\/?post_type=product&#038;p=11446"},"modified":"2022-03-18T13:55:35","modified_gmt":"2022-03-18T12:55:35","slug":"fliegertasche-combat-lg","status":"publish","type":"product","link":"https:\/\/www.custom-drones.de\/?product=fliegertasche-combat-lg","title":{"rendered":"Fliegertasche Combat LG"},"content":{"rendered":"<p>Fliegertasche Combat LG<\/p>\n<table width=\"100%\">\n<tbody>\n<tr>\n<td width=\"10%\"><\/td>\n<td width=\"90%\">\n<div class=\"page_margins\">\n<div class=\"page\">\n<div class=\"pagePadding\">\n<div id=\"main\">\n<div id=\"col3\" role=\"main\">\n<div id=\"col3_content\" class=\"clearfix\">\n<div class=\"hproduct\">\n<div class=\"jquery_tabs\">\n<div class=\"page_margins\">\n<div class=\"page\">\n<div class=\"pagePadding\">\n<div id=\"main\">\n<div id=\"col3\" role=\"main\">\n<div id=\"col3_content\" class=\"clearfix\">\n<div class=\"hproduct\">\n<div class=\"jquery_tabs\">\n<div class=\"tabs-content description\">\n<div class=\"page_margins\">\n<div class=\"page\">\n<div class=\"pagePadding\">\n<div id=\"main\">\n<div id=\"col3\" role=\"main\">\n<div id=\"col3_content\" class=\"clearfix\">\n<div class=\"hproduct\">\n<div class=\"jquery_tabs\">\n<div class=\"tabs-content description\">\n<div class=\"page_margins\">\n<div class=\"page\">\n<div class=\"pagePadding\">\n<div id=\"main\">\n<div id=\"col3\" role=\"main\">\n<div id=\"col3_content\" class=\"clearfix\">\n<div class=\"hproduct\">\n<div class=\"jquery_tabs\">\n<div class=\"tabs-content description\">\n<p>100% Polyester, Polyurethan beschichtet<br \/>\nPolsterung: 100% Polyethylen Schaumstoff (220 g\/qm)<br \/>\nFassungsverm\u00f6gen: ca. 105 Liter<br \/>\nMa\u00dfe: 79 x 38 x 35,5 cm<br \/>\nGewicht: ca. 1.400 g<\/p>\n<p>&#8211; praktische, kompakte und sehr leichte Fliegertasche<br \/>\n&#8211; Molle-Schlaufen-System mit Klettfl\u00e4che an beiden L\u00e4ngsseiten<br \/>\n&#8211; inklusive abnehmbarem Mil-Tec\u00ae Patch<br \/>\n&#8211; 2 Seitenf\u00e4cher mit Klettverschluss<br \/>\n&#8211; Rei\u00dfverschlussfach an beiden L\u00e4ngsseiten<br \/>\n&#8211; Tragegriff oben sowie jeweils an den Seiten<br \/>\n&#8211; abnehmbarer Schultergurt mit Schulterpolsterung<br \/>\n&#8211; Hauptfach l\u00e4sst sich U-f\u00f6rmig per Rei\u00dfverschluss \u00f6ffnen und schlie\u00dfen<br \/>\n&#8211; \u00fcberkreuztes Elastikband mit Kordelstopper auf Taschendeckel um eine Jacke oder \u00c4hnliches schnell zur fixieren<br \/>\n&#8211; 5 Bodengleiter aus Kunststoff am Taschenboden<\/p>\n<\/div>\n<\/div>\n<\/div>\n<\/div>\n<\/div>\n<\/div>\n<\/div>\n<\/div>\n<\/div>\n<\/div>\n<\/div>\n<\/div>\n<\/div>\n<\/div>\n<\/div>\n<\/div>\n<\/div>\n<\/div>\n<\/div>\n<\/div>\n<\/div>\n<\/div>\n<\/div>\n<\/div>\n<\/div>\n<\/div>\n<\/div>\n<\/div>\n<\/div>\n<\/div>\n<\/div>\n<\/div>\n<\/div>\n<\/div>\n<\/div>\n<\/td>\n<\/tr>\n<\/tbody>\n<\/table>\n","protected":false},"excerpt":{"rendered":"<p>Fliegertasche Combat LG<\/p>\n<p>&nbsp;<\/p>\n<p>.<\/p>\n","protected":false},"featured_media":11545,"comment_status":"closed","ping_status":"closed","template":"","meta":{"spay_email":""},"_links":{"self":[{"href":"https:\/\/www.custom-drones.de\/index.php?rest_route=\/wp\/v2\/product\/11446"}],"collection":[{"href":"https:\/\/www.custom-drones.de\/index.php?rest_route=\/wp\/v2\/product"}],"about":[{"href":"https:\/\/www.custom-drones.de\/index.php?rest_route=\/wp\/v2\/types\/product"}],"replies":[{"embeddable":true,"href":"https:\/\/www.custom-drones.de\/index.php?rest_route=%2Fwp%2Fv2%2Fcomments&post=11446"}],"version-history":[{"count":3,"href":"https:\/\/www.custom-drones.de\/index.php?rest_route=\/wp\/v2\/product\/11446\/revisions"}],"predecessor-version":[{"id":14743,"href":"https:\/\/www.custom-drones.de\/index.php?rest_route=\/wp\/v2\/product\/11446\/revisions\/14743"}],"wp:featuredmedia":[{"embeddable":true,"href":"https:\/\/www.custom-drones.de\/index.php?rest_route=\/wp\/v2\/media\/11545"}],"wp:attachment":[{"href":"https:\/\/www.custom-drones.de\/index.php?rest_route=%2Fwp%2Fv2%2Fmedia&parent=11446"}],"curies":[{"name":"wp","href":"https:\/\/api.w.org\/{rel}","templated":true}]}}