{"id":11445,"date":"2021-05-04T13:26:18","date_gmt":"2021-05-04T11:26:18","guid":{"rendered":"https:\/\/www.custom-drones.de\/?post_type=product&#038;p=11445"},"modified":"2022-03-18T13:55:35","modified_gmt":"2022-03-18T12:55:35","slug":"kampftragesack-mit-rollen","status":"publish","type":"product","link":"https:\/\/www.custom-drones.de\/?product=kampftragesack-mit-rollen","title":{"rendered":"Kampftragesack mit Rollen"},"content":{"rendered":"<p>Kampftragesack mit Rollen<\/p>\n<table width=\"100%\">\n<tbody>\n<tr>\n<td width=\"10%\"><\/td>\n<td width=\"90%\">\n<div class=\"page_margins\">\n<div class=\"page\">\n<div class=\"pagePadding\">\n<div id=\"main\">\n<div id=\"col3\" role=\"main\">\n<div id=\"col3_content\" class=\"clearfix\">\n<div class=\"hproduct\">\n<div class=\"jquery_tabs\">\n<div class=\"page_margins\">\n<div class=\"page\">\n<div class=\"pagePadding\">\n<div id=\"main\">\n<div id=\"col3\" role=\"main\">\n<div id=\"col3_content\" class=\"clearfix\">\n<div class=\"hproduct\">\n<div class=\"jquery_tabs\">\n<div class=\"tabs-content description\">\n<div class=\"page_margins\">\n<div class=\"page\">\n<div class=\"pagePadding\">\n<div id=\"main\">\n<div id=\"col3\" role=\"main\">\n<div id=\"col3_content\" class=\"clearfix\">\n<div class=\"hproduct\">\n<div class=\"jquery_tabs\">\n<div class=\"tabs-content description\">\n<div class=\"page_margins\">\n<div class=\"page\">\n<div class=\"pagePadding\">\n<div id=\"main\">\n<div id=\"col3\" role=\"main\">\n<div id=\"col3_content\" class=\"clearfix\">\n<div class=\"hproduct\">\n<div class=\"jquery_tabs\">\n<div class=\"tabs-content description\">\n<p>Obermaterial: 100% Nylon<br \/>\nPolsterung: 100% Polyester<br \/>\nMa\u00dfe: ca. 78 x 37 x 37 cm<br \/>\nMax. Nutzlast: 40 kg<br \/>\nFassungsverm\u00f6gen: ca. 118 Liter<\/p>\n<p>Gro\u00dfe Reisetasche, die auch als Rucksack einsetzbar ist<\/p>\n<p>&#8211; gro\u00dfes Hauptfach mit 5 Rei\u00dfverschluss-F\u00e4chern<br \/>\n&#8211; 2 seitliche F\u00e4cher mit Rei\u00dfverschluss<br \/>\n&#8211; 3 Kunststoff-Rollen an Unterseite erm\u00f6glichen leichten Transport<br \/>\n&#8211; gesch\u00fctzter Bodenbereich durch Kunststoffnoppen und Bodenverst\u00e4rkung<br \/>\n&#8211; gute Stabilit\u00e4t durch seitliche Kunststoffeinlagen<br \/>\n&#8211; abnehmbare Rucksackgurte<br \/>\n&#8211; verst\u00e4rkter Tragegriff<br \/>\n&#8211; 4 seitliche Handgriffe<br \/>\n&#8211; Kompressionsriemen mit Steckverschluss<br \/>\n&#8211; gro\u00dfes Klettfach im Deckel<\/p>\n<\/div>\n<\/div>\n<\/div>\n<\/div>\n<\/div>\n<\/div>\n<\/div>\n<\/div>\n<\/div>\n<\/div>\n<\/div>\n<\/div>\n<\/div>\n<\/div>\n<\/div>\n<\/div>\n<\/div>\n<\/div>\n<\/div>\n<\/div>\n<\/div>\n<\/div>\n<\/div>\n<\/div>\n<\/div>\n<\/div>\n<\/div>\n<\/div>\n<\/div>\n<\/div>\n<\/div>\n<\/div>\n<\/div>\n<\/div>\n<\/div>\n<\/td>\n<\/tr>\n<\/tbody>\n<\/table>\n","protected":false},"excerpt":{"rendered":"<p>Kampftragesack mit Rollen<\/p>\n<p>&nbsp;<\/p>\n<p>.<\/p>\n","protected":false},"featured_media":11541,"comment_status":"closed","ping_status":"closed","template":"","meta":{"spay_email":""},"_links":{"self":[{"href":"https:\/\/www.custom-drones.de\/index.php?rest_route=\/wp\/v2\/product\/11445"}],"collection":[{"href":"https:\/\/www.custom-drones.de\/index.php?rest_route=\/wp\/v2\/product"}],"about":[{"href":"https:\/\/www.custom-drones.de\/index.php?rest_route=\/wp\/v2\/types\/product"}],"replies":[{"embeddable":true,"href":"https:\/\/www.custom-drones.de\/index.php?rest_route=%2Fwp%2Fv2%2Fcomments&post=11445"}],"version-history":[{"count":2,"href":"https:\/\/www.custom-drones.de\/index.php?rest_route=\/wp\/v2\/product\/11445\/revisions"}],"predecessor-version":[{"id":14742,"href":"https:\/\/www.custom-drones.de\/index.php?rest_route=\/wp\/v2\/product\/11445\/revisions\/14742"}],"wp:featuredmedia":[{"embeddable":true,"href":"https:\/\/www.custom-drones.de\/index.php?rest_route=\/wp\/v2\/media\/11541"}],"wp:attachment":[{"href":"https:\/\/www.custom-drones.de\/index.php?rest_route=%2Fwp%2Fv2%2Fmedia&parent=11445"}],"curies":[{"name":"wp","href":"https:\/\/api.w.org\/{rel}","templated":true}]}}