{"id":11440,"date":"2021-05-04T13:26:17","date_gmt":"2021-05-04T11:26:17","guid":{"rendered":"https:\/\/www.custom-drones.de\/?post_type=product&#038;p=11440"},"modified":"2022-03-18T13:55:35","modified_gmt":"2022-03-18T12:55:35","slug":"rucksacktasche-cargo","status":"publish","type":"product","link":"https:\/\/www.custom-drones.de\/?product=rucksacktasche-cargo","title":{"rendered":"Rucksacktasche &#8220;Cargo&#8221;"},"content":{"rendered":"<p>Rucksacktasche &#8220;Cargo&#8221;<\/p>\n<table width=\"100%\">\n<tbody>\n<tr>\n<td width=\"10%\"><\/td>\n<td width=\"90%\">\n<div class=\"page_margins\">\n<div class=\"page\">\n<div class=\"pagePadding\">\n<div id=\"main\">\n<div id=\"col3\" role=\"main\">\n<div id=\"col3_content\" class=\"clearfix\">\n<div class=\"hproduct\">\n<div class=\"jquery_tabs\">\n<div class=\"page_margins\">\n<div class=\"page\">\n<div class=\"pagePadding\">\n<div id=\"main\">\n<div id=\"col3\" role=\"main\">\n<div id=\"col3_content\" class=\"clearfix\">\n<div class=\"hproduct\">\n<div class=\"jquery_tabs\">\n<div class=\"tabs-content description\">\n<div class=\"page_margins\">\n<div class=\"page\">\n<div class=\"pagePadding\">\n<div id=\"main\">\n<div id=\"col3\" role=\"main\">\n<div id=\"col3_content\" class=\"clearfix\">\n<div class=\"hproduct\">\n<div class=\"jquery_tabs\">\n<div class=\"tabs-content description\">\n<div class=\"page_margins\">\n<div class=\"page\">\n<div class=\"pagePadding\">\n<div id=\"main\">\n<div id=\"col3\" role=\"main\">\n<div id=\"col3_content\" class=\"clearfix\">\n<div class=\"hproduct\">\n<div class=\"jquery_tabs\">\n<div class=\"tabs-content description\">\n<p>100% Polyester,<br \/>\nwasserabweisende Polyvinylchloridbeschichtung<br \/>\nMa\u00dfe: 50 x 20 x 37 cm<br \/>\nFassungsverm\u00f6gen: ca. 35 Liter<\/p>\n<p>&#8211; gro\u00dfes Hauptfach mit Rei\u00dfverschluss<br \/>\n&#8211; 8 kleine F\u00e4cher<br \/>\n&#8211; abnehmbarer Schultergurt<br \/>\n&#8211; Rucksack-Trageriemen<br \/>\n&#8211; gepolsterter Tragegriff<br \/>\n&#8211; innenliegende Klettb\u00e4nder f\u00fcr diverse Ausr\u00fcstung<br \/>\n&#8211; Klettstreifen f\u00fcr Namensschild<br \/>\n&#8211; seitliches Klarsicht-Steckfach<br \/>\n&#8211; Kompressionsb\u00e4nder<br \/>\n&#8211; verst\u00e4rkter Boden durch Kunststoffplatte<\/p>\n<\/div>\n<\/div>\n<\/div>\n<\/div>\n<\/div>\n<\/div>\n<\/div>\n<\/div>\n<\/div>\n<\/div>\n<\/div>\n<\/div>\n<\/div>\n<\/div>\n<\/div>\n<\/div>\n<\/div>\n<\/div>\n<\/div>\n<\/div>\n<\/div>\n<\/div>\n<\/div>\n<\/div>\n<\/div>\n<\/div>\n<\/div>\n<\/div>\n<\/div>\n<\/div>\n<\/div>\n<\/div>\n<\/div>\n<\/div>\n<\/div>\n<\/td>\n<\/tr>\n<\/tbody>\n<\/table>\n","protected":false},"excerpt":{"rendered":"<p>Rucksacktasche &#8220;Cargo&#8221;<\/p>\n<p>&nbsp;<\/p>\n<p>.<\/p>\n","protected":false},"featured_media":11537,"comment_status":"closed","ping_status":"closed","template":"","meta":{"spay_email":""},"_links":{"self":[{"href":"https:\/\/www.custom-drones.de\/index.php?rest_route=\/wp\/v2\/product\/11440"}],"collection":[{"href":"https:\/\/www.custom-drones.de\/index.php?rest_route=\/wp\/v2\/product"}],"about":[{"href":"https:\/\/www.custom-drones.de\/index.php?rest_route=\/wp\/v2\/types\/product"}],"replies":[{"embeddable":true,"href":"https:\/\/www.custom-drones.de\/index.php?rest_route=%2Fwp%2Fv2%2Fcomments&post=11440"}],"version-history":[{"count":3,"href":"https:\/\/www.custom-drones.de\/index.php?rest_route=\/wp\/v2\/product\/11440\/revisions"}],"predecessor-version":[{"id":14813,"href":"https:\/\/www.custom-drones.de\/index.php?rest_route=\/wp\/v2\/product\/11440\/revisions\/14813"}],"wp:featuredmedia":[{"embeddable":true,"href":"https:\/\/www.custom-drones.de\/index.php?rest_route=\/wp\/v2\/media\/11537"}],"wp:attachment":[{"href":"https:\/\/www.custom-drones.de\/index.php?rest_route=%2Fwp%2Fv2%2Fmedia&parent=11440"}],"curies":[{"name":"wp","href":"https:\/\/api.w.org\/{rel}","templated":true}]}}