{"id":11400,"date":"2021-05-04T13:25:57","date_gmt":"2021-05-04T11:25:57","guid":{"rendered":"https:\/\/www.custom-drones.de\/?post_type=product&#038;p=11400"},"modified":"2022-03-18T13:55:36","modified_gmt":"2022-03-18T12:55:36","slug":"mag-carrier-chest-rig","status":"publish","type":"product","link":"https:\/\/www.custom-drones.de\/?product=mag-carrier-chest-rig","title":{"rendered":"Mag.Carrier Chest Rig"},"content":{"rendered":"<p>Mag.Carrier Chest Rig<\/p>\n<table width=\"100%\">\n<tbody>\n<tr>\n<td width=\"10%\">&nbsp;<\/td>\n<td width=\"90%\">\n<div class=\"page_margins\">\n<div class=\"page\">\n<div class=\"pagePadding\">\n<div id=\"main\">\n<div id=\"col3\" role=\"main\">\n<div id=\"col3_content\" class=\"clearfix\">\n<div class=\"hproduct\">\n<div class=\"jquery_tabs\">\n<div class=\"page_margins\">\n<div class=\"page\">\n<div class=\"pagePadding\">\n<div id=\"main\">\n<div id=\"col3\" role=\"main\">\n<div id=\"col3_content\" class=\"clearfix\">\n<div class=\"hproduct\">\n<div class=\"jquery_tabs\">\n<div class=\"tabs-content description\">\n<div class=\"page_margins\">\n<div class=\"page\">\n<div class=\"pagePadding\">\n<div id=\"main\">\n<div id=\"col3\" role=\"main\">\n<div id=\"col3_content\" class=\"clearfix\">\n<div class=\"hproduct\">\n<div class=\"jquery_tabs\">\n<div class=\"tabs-content description\">\n<div class=\"page_margins\">\n<div class=\"page\">\n<div class=\"pagePadding\">\n<div id=\"main\">\n<div id=\"col3\" role=\"main\">\n<div id=\"col3_content\" class=\"clearfix\">\n<div class=\"hproduct\">\n<div class=\"jquery_tabs\">\n<div class=\"tabs-content description\">\n<p>100% Polyester<\/p>\n<p>&#8211; einfaches Chest-Rigg mit 4 gro\u00dfen (AK47 Magazine m\u00f6glich) und 2 kleinen Magazintaschen f\u00fcr Pistolenmagazine<br \/>\n&#8211; l\u00e4ngenverstellbare Schultergurte<br \/>\n&#8211; diverse D-Ringe<\/p>\n<\/div>\n<\/div>\n<\/div>\n<\/div>\n<\/div>\n<\/div>\n<\/div>\n<\/div>\n<\/div>\n<\/div>\n<\/div>\n<\/div>\n<\/div>\n<\/div>\n<\/div>\n<\/div>\n<\/div>\n<\/div>\n<\/div>\n<\/div>\n<\/div>\n<\/div>\n<\/div>\n<\/div>\n<\/div>\n<\/div>\n<\/div>\n<\/div>\n<\/div>\n<\/div>\n<\/div>\n<\/div>\n<\/div>\n<\/div>\n<\/div>\n<\/td>\n<\/tr>\n<\/tbody>\n<\/table>\n","protected":false},"excerpt":{"rendered":"<p>Mag.Carrier Chest Rig<\/p>\n<p>&nbsp;<\/p>\n<p>.<\/p>\n","protected":false},"featured_media":11498,"comment_status":"closed","ping_status":"closed","template":"","meta":{"spay_email":""},"_links":{"self":[{"href":"https:\/\/www.custom-drones.de\/index.php?rest_route=\/wp\/v2\/product\/11400"}],"collection":[{"href":"https:\/\/www.custom-drones.de\/index.php?rest_route=\/wp\/v2\/product"}],"about":[{"href":"https:\/\/www.custom-drones.de\/index.php?rest_route=\/wp\/v2\/types\/product"}],"replies":[{"embeddable":true,"href":"https:\/\/www.custom-drones.de\/index.php?rest_route=%2Fwp%2Fv2%2Fcomments&post=11400"}],"version-history":[{"count":2,"href":"https:\/\/www.custom-drones.de\/index.php?rest_route=\/wp\/v2\/product\/11400\/revisions"}],"predecessor-version":[{"id":11502,"href":"https:\/\/www.custom-drones.de\/index.php?rest_route=\/wp\/v2\/product\/11400\/revisions\/11502"}],"wp:featuredmedia":[{"embeddable":true,"href":"https:\/\/www.custom-drones.de\/index.php?rest_route=\/wp\/v2\/media\/11498"}],"wp:attachment":[{"href":"https:\/\/www.custom-drones.de\/index.php?rest_route=%2Fwp%2Fv2%2Fmedia&parent=11400"}],"curies":[{"name":"wp","href":"https:\/\/api.w.org\/{rel}","templated":true}]}}