{"id":11213,"date":"2021-05-03T16:43:56","date_gmt":"2021-05-03T14:43:56","guid":{"rendered":"https:\/\/www.custom-drones.de\/?post_type=product&#038;p=11213"},"modified":"2022-03-18T13:55:38","modified_gmt":"2022-03-18T12:55:38","slug":"plate-carrier-weste-gen-ii","status":"publish","type":"product","link":"https:\/\/www.custom-drones.de\/?product=plate-carrier-weste-gen-ii","title":{"rendered":"Plate Carrier Weste Gen.II"},"content":{"rendered":"<p>Plate Carrier Weste Gen.II<\/p>\n<table width=\"100%\">\n<tbody>\n<tr>\n<td width=\"10%\">&nbsp;<\/td>\n<td width=\"90%\">\n<div class=\"page_margins\">\n<div class=\"page\">\n<div class=\"pagePadding\">\n<div id=\"main\">\n<div id=\"col3\" role=\"main\">\n<div id=\"col3_content\" class=\"clearfix\">\n<div class=\"hproduct\">\n<div class=\"jquery_tabs\">\n<div class=\"page_margins\">\n<div class=\"page\">\n<div class=\"pagePadding\">\n<div id=\"main\">\n<div id=\"col3\" role=\"main\">\n<div id=\"col3_content\" class=\"clearfix\">\n<div class=\"hproduct\">\n<div class=\"jquery_tabs\">\n<div class=\"tabs-content description\">\n<p>100% Polyester (Oxford)<br \/>\nPolyvinylchlorid beschichtet<br \/>\nSchultergurte: 100% Thermoplastische Elastomere<\/p>\n<p>&#8211; Molle-Schlaufen-System vorne und hinten, sowie an den Seitenb\u00e4ndern<br \/>\n&#8211; 3 Magazinf\u00e4cher vorne<br \/>\n&#8211; 3 Gummischlaufen vorne zum Fixieren der Magazine<br \/>\n&#8211; kleines Klettfach vorne<br \/>\n&#8211; 3 Klettstreifen vorne zum Anbringen von Patches<br \/>\n&#8211; komplettes \u00d6ffnen der Weste vorne durch 3 gro\u00dfe, starke Klettverschl\u00fcsse<br \/>\n&#8211; Schultergurte lassen sich durch Klettverschluss \u00f6ffnen<br \/>\n&#8211; schnelles An- und Ausziehen der Weste durch Gummiband-Schlaufen-System hinten<\/p>\n<\/div>\n<\/div>\n<\/div>\n<\/div>\n<\/div>\n<\/div>\n<\/div>\n<\/div>\n<\/div>\n<\/div>\n<\/div>\n<\/div>\n<\/div>\n<\/div>\n<\/div>\n<\/div>\n<\/div>\n<\/td>\n<\/tr>\n<\/tbody>\n<\/table>\n","protected":false},"excerpt":{"rendered":"<p>Plate Carrier Weste Gen.II<\/p>\n<p>&nbsp;<\/p>\n<p>.<\/p>\n","protected":false},"featured_media":11271,"comment_status":"closed","ping_status":"closed","template":"","meta":{"spay_email":""},"_links":{"self":[{"href":"https:\/\/www.custom-drones.de\/index.php?rest_route=\/wp\/v2\/product\/11213"}],"collection":[{"href":"https:\/\/www.custom-drones.de\/index.php?rest_route=\/wp\/v2\/product"}],"about":[{"href":"https:\/\/www.custom-drones.de\/index.php?rest_route=\/wp\/v2\/types\/product"}],"replies":[{"embeddable":true,"href":"https:\/\/www.custom-drones.de\/index.php?rest_route=%2Fwp%2Fv2%2Fcomments&post=11213"}],"version-history":[{"count":2,"href":"https:\/\/www.custom-drones.de\/index.php?rest_route=\/wp\/v2\/product\/11213\/revisions"}],"predecessor-version":[{"id":11280,"href":"https:\/\/www.custom-drones.de\/index.php?rest_route=\/wp\/v2\/product\/11213\/revisions\/11280"}],"wp:featuredmedia":[{"embeddable":true,"href":"https:\/\/www.custom-drones.de\/index.php?rest_route=\/wp\/v2\/media\/11271"}],"wp:attachment":[{"href":"https:\/\/www.custom-drones.de\/index.php?rest_route=%2Fwp%2Fv2%2Fmedia&parent=11213"}],"curies":[{"name":"wp","href":"https:\/\/api.w.org\/{rel}","templated":true}]}}