{"id":10892,"date":"2021-04-21T18:14:07","date_gmt":"2021-04-21T16:14:07","guid":{"rendered":"https:\/\/www.custom-drones.de\/?post_type=product&#038;p=10892"},"modified":"2022-03-18T13:56:36","modified_gmt":"2022-03-18T12:56:36","slug":"tomahawk-tacticalschwarz-kunststoffgriff-scheide","status":"publish","type":"product","link":"https:\/\/www.custom-drones.de\/?product=tomahawk-tacticalschwarz-kunststoffgriff-scheide","title":{"rendered":"Tomahawk, &#8220;Tactical&#8221;,schwarz, Kunststoffgriff, Scheide"},"content":{"rendered":"<p>Tomahawk, &#8220;Tactical&#8221;,schwarz, Kunststoffgriff, Scheide<\/p>\n<table width=\"100%\">\n<tbody>\n<tr>\n<td width=\"10%\"><\/td>\n<td width=\"90%\">geschw\u00e4rzte Oberfl\u00e4che<br \/>\nKlinge mit Glattschliff<br \/>\neinseitig als Pickel verwendbar<br \/>\nintegrierte Schraubenschl\u00fcssel in 4 Gr\u00f6\u00dfen<br \/>\nim Tomahawkkopf<br \/>\ngerillter, leichter Kunststoffgriff<br \/>\nmit Befestigungs\u00f6se<br \/>\nPolyesterscheide mit Druckkn\u00f6pfen,<br \/>\nKlett und G\u00fcrtelbefestigung<br \/>\nGesamtl\u00e4nge: ca. 42 cm<br \/>\nKlinge: ca. 10 cm<br \/>\nTomahawkkopf: ca. 14 cm<br \/>\nGewicht Tomahawk: ca. 560 g<br \/>\nGewicht mit Scheide: ca. 610 g<\/td>\n<\/tr>\n<\/tbody>\n<\/table>\n","protected":false},"excerpt":{"rendered":"<p>Tomahawk, &#8220;Tactical&#8221;,schwarz, Kunststoffgriff, Scheide<\/p>\n<p>&nbsp;<\/p>\n<p>.<\/p>\n","protected":false},"featured_media":10904,"comment_status":"closed","ping_status":"closed","template":"","meta":{"spay_email":""},"_links":{"self":[{"href":"https:\/\/www.custom-drones.de\/index.php?rest_route=\/wp\/v2\/product\/10892"}],"collection":[{"href":"https:\/\/www.custom-drones.de\/index.php?rest_route=\/wp\/v2\/product"}],"about":[{"href":"https:\/\/www.custom-drones.de\/index.php?rest_route=\/wp\/v2\/types\/product"}],"replies":[{"embeddable":true,"href":"https:\/\/www.custom-drones.de\/index.php?rest_route=%2Fwp%2Fv2%2Fcomments&post=10892"}],"version-history":[{"count":2,"href":"https:\/\/www.custom-drones.de\/index.php?rest_route=\/wp\/v2\/product\/10892\/revisions"}],"predecessor-version":[{"id":14878,"href":"https:\/\/www.custom-drones.de\/index.php?rest_route=\/wp\/v2\/product\/10892\/revisions\/14878"}],"wp:featuredmedia":[{"embeddable":true,"href":"https:\/\/www.custom-drones.de\/index.php?rest_route=\/wp\/v2\/media\/10904"}],"wp:attachment":[{"href":"https:\/\/www.custom-drones.de\/index.php?rest_route=%2Fwp%2Fv2%2Fmedia&parent=10892"}],"curies":[{"name":"wp","href":"https:\/\/api.w.org\/{rel}","templated":true}]}}