{"id":10891,"date":"2021-04-21T18:14:05","date_gmt":"2021-04-21T16:14:05","guid":{"rendered":"https:\/\/www.custom-drones.de\/?post_type=product&#038;p=10891"},"modified":"2022-03-18T13:56:37","modified_gmt":"2022-03-18T12:56:37","slug":"tomahawk-redrope-stonewashed-griff-umwickelt","status":"publish","type":"product","link":"https:\/\/www.custom-drones.de\/?product=tomahawk-redrope-stonewashed-griff-umwickelt","title":{"rendered":"Tomahawk, &#8220;Redrope&#8221;, stonewashed, Griff umwickelt"},"content":{"rendered":"<p>Tomahawk, &#8220;Redrope&#8221;, stonewashed, Griff umwickelt<\/p>\n<table width=\"100%\">\n<tbody>\n<tr>\n<td width=\"10%\"><\/td>\n<td width=\"90%\">stonewashed Oberfl\u00e4che<br \/>\nKlinge mit Glattschliff<br \/>\nintegrierte Schraubenschl\u00fcssel in 3 Gr\u00f6\u00dfen<br \/>\nim Tomahawkkopf<br \/>\nGriff mit schwarz\/rotem Nylonband umwickelt<br \/>\nmehrfach genietete Polyesterscheide mit<br \/>\nDruckkn\u00f6pfen und G\u00fcrtelschlaufe<br \/>\nGesamtl\u00e4nge: ca. 21 cm<br \/>\nKlinge: ca. 6 cm<br \/>\nTomahawkkopf: ca. 9 cm<br \/>\nGewicht Tomahawk: ca. 260 g<br \/>\nGewicht mit Scheide: ca. 300 g<\/td>\n<\/tr>\n<\/tbody>\n<\/table>\n","protected":false},"excerpt":{"rendered":"<p>Tomahawk, &#8220;Redrope&#8221;, stonewashed, Griff umwickelt<\/p>\n<p>&nbsp;<\/p>\n<p>.<\/p>\n","protected":false},"featured_media":10902,"comment_status":"closed","ping_status":"closed","template":"","meta":{"spay_email":""},"_links":{"self":[{"href":"https:\/\/www.custom-drones.de\/index.php?rest_route=\/wp\/v2\/product\/10891"}],"collection":[{"href":"https:\/\/www.custom-drones.de\/index.php?rest_route=\/wp\/v2\/product"}],"about":[{"href":"https:\/\/www.custom-drones.de\/index.php?rest_route=\/wp\/v2\/types\/product"}],"replies":[{"embeddable":true,"href":"https:\/\/www.custom-drones.de\/index.php?rest_route=%2Fwp%2Fv2%2Fcomments&post=10891"}],"version-history":[{"count":2,"href":"https:\/\/www.custom-drones.de\/index.php?rest_route=\/wp\/v2\/product\/10891\/revisions"}],"predecessor-version":[{"id":14875,"href":"https:\/\/www.custom-drones.de\/index.php?rest_route=\/wp\/v2\/product\/10891\/revisions\/14875"}],"wp:featuredmedia":[{"embeddable":true,"href":"https:\/\/www.custom-drones.de\/index.php?rest_route=\/wp\/v2\/media\/10902"}],"wp:attachment":[{"href":"https:\/\/www.custom-drones.de\/index.php?rest_route=%2Fwp%2Fv2%2Fmedia&parent=10891"}],"curies":[{"name":"wp","href":"https:\/\/api.w.org\/{rel}","templated":true}]}}