{"id":10827,"date":"2021-04-21T17:44:49","date_gmt":"2021-04-21T15:44:49","guid":{"rendered":"https:\/\/www.custom-drones.de\/?post_type=product&#038;p=10827"},"modified":"2022-03-18T13:56:50","modified_gmt":"2022-03-18T12:56:50","slug":"oesterr-bh-feldmesserschwarz-saegeruecken-scheide","status":"publish","type":"product","link":"https:\/\/www.custom-drones.de\/?product=oesterr-bh-feldmesserschwarz-saegeruecken-scheide","title":{"rendered":"\u00d6sterr. BH Feldmesser,schwarz, S\u00e4ger\u00fccken, Scheide"},"content":{"rendered":"<p>\u00d6sterr. BH Feldmesser,schwarz, S\u00e4ger\u00fccken, Scheide<\/p>\n<table width=\"100%\">\n<tbody>\n<tr>\n<td width=\"10%\"><\/td>\n<td width=\"90%\">geschw\u00e4rzte Klinge mit Glattschliff<br \/>\nund S\u00e4ger\u00fccken<br \/>\nParierstange als Kapselheber verwendbar<br \/>\nKunststoffgriff mit Befestigungs\u00f6se<br \/>\nKunststoffscheide mit Klickverschluss<br \/>\nzum Fixieren des Messers und G\u00fcrtelhalterung<br \/>\nGesamtl\u00e4nge: ca. 29 cm<br \/>\nKlinge: ca. 16,5 cm<br \/>\nGewicht Messer: ca. 190 g<br \/>\nGewicht mit Scheide: ca. 240 g<\/td>\n<\/tr>\n<\/tbody>\n<\/table>\n","protected":false},"excerpt":{"rendered":"<p>\u00d6sterr. BH Feldmesser,schwarz, S\u00e4ger\u00fccken, Scheide<\/p>\n<p>&nbsp;<\/p>\n<p>.<\/p>\n","protected":false},"featured_media":10846,"comment_status":"closed","ping_status":"closed","template":"","meta":{"spay_email":""},"_links":{"self":[{"href":"https:\/\/www.custom-drones.de\/index.php?rest_route=\/wp\/v2\/product\/10827"}],"collection":[{"href":"https:\/\/www.custom-drones.de\/index.php?rest_route=\/wp\/v2\/product"}],"about":[{"href":"https:\/\/www.custom-drones.de\/index.php?rest_route=\/wp\/v2\/types\/product"}],"replies":[{"embeddable":true,"href":"https:\/\/www.custom-drones.de\/index.php?rest_route=%2Fwp%2Fv2%2Fcomments&post=10827"}],"version-history":[{"count":2,"href":"https:\/\/www.custom-drones.de\/index.php?rest_route=\/wp\/v2\/product\/10827\/revisions"}],"predecessor-version":[{"id":14871,"href":"https:\/\/www.custom-drones.de\/index.php?rest_route=\/wp\/v2\/product\/10827\/revisions\/14871"}],"wp:featuredmedia":[{"embeddable":true,"href":"https:\/\/www.custom-drones.de\/index.php?rest_route=\/wp\/v2\/media\/10846"}],"wp:attachment":[{"href":"https:\/\/www.custom-drones.de\/index.php?rest_route=%2Fwp%2Fv2%2Fmedia&parent=10827"}],"curies":[{"name":"wp","href":"https:\/\/api.w.org\/{rel}","templated":true}]}}