{"id":10824,"date":"2021-04-21T17:44:44","date_gmt":"2021-04-21T15:44:44","guid":{"rendered":"https:\/\/www.custom-drones.de\/?post_type=product&#038;p=10824"},"modified":"2022-03-18T13:56:53","modified_gmt":"2022-03-18T12:56:53","slug":"us-bolo-machete-mit-saegeruecken-plastikhuelle","status":"publish","type":"product","link":"https:\/\/www.custom-drones.de\/?product=us-bolo-machete-mit-saegeruecken-plastikhuelle","title":{"rendered":"US Bolo Machete, mit S\u00e4ger\u00fccken, Plastikh\u00fclle"},"content":{"rendered":"<p>US Bolo Machete, mit S\u00e4ger\u00fccken, Plastikh\u00fclle<\/p>\n<table width=\"100%\">\n<tbody>\n<tr>\n<td width=\"10%\"><\/td>\n<td width=\"90%\">durchgehend schwarze Klinge mit S\u00e4ger\u00fccken<br \/>\ngenieteter Griff aus Bakelit mit<br \/>\nFingerschutz und \u00d6se<br \/>\nScheide mit Bel\u00fcftungsl\u00f6chern<br \/>\nSch\u00e4rfvorrichtung und Lochkoppelbefestigung<br \/>\nGesamtl\u00e4nge: ca. 59 cm<br \/>\nKlinge: ca. 45,5 cm<br \/>\nGewicht mit Scheide: ca. 900 g<\/td>\n<\/tr>\n<\/tbody>\n<\/table>\n","protected":false},"excerpt":{"rendered":"<p>US Bolo Machete, mit S\u00e4ger\u00fccken, Plastikh\u00fclle<\/p>\n<p>&nbsp;<\/p>\n<p>.<\/p>\n","protected":false},"featured_media":10839,"comment_status":"closed","ping_status":"closed","template":"","meta":{"spay_email":""},"_links":{"self":[{"href":"https:\/\/www.custom-drones.de\/index.php?rest_route=\/wp\/v2\/product\/10824"}],"collection":[{"href":"https:\/\/www.custom-drones.de\/index.php?rest_route=\/wp\/v2\/product"}],"about":[{"href":"https:\/\/www.custom-drones.de\/index.php?rest_route=\/wp\/v2\/types\/product"}],"replies":[{"embeddable":true,"href":"https:\/\/www.custom-drones.de\/index.php?rest_route=%2Fwp%2Fv2%2Fcomments&post=10824"}],"version-history":[{"count":2,"href":"https:\/\/www.custom-drones.de\/index.php?rest_route=\/wp\/v2\/product\/10824\/revisions"}],"predecessor-version":[{"id":14876,"href":"https:\/\/www.custom-drones.de\/index.php?rest_route=\/wp\/v2\/product\/10824\/revisions\/14876"}],"wp:featuredmedia":[{"embeddable":true,"href":"https:\/\/www.custom-drones.de\/index.php?rest_route=\/wp\/v2\/media\/10839"}],"wp:attachment":[{"href":"https:\/\/www.custom-drones.de\/index.php?rest_route=%2Fwp%2Fv2%2Fmedia&parent=10824"}],"curies":[{"name":"wp","href":"https:\/\/api.w.org\/{rel}","templated":true}]}}