{"id":10672,"date":"2021-04-21T16:05:41","date_gmt":"2021-04-21T14:05:41","guid":{"rendered":"https:\/\/www.custom-drones.de\/?post_type=product&#038;p=10672"},"modified":"2022-03-18T14:10:45","modified_gmt":"2022-03-18T13:10:45","slug":"us-plastikfeldflasche-1-l-huelle","status":"publish","type":"product","link":"https:\/\/www.custom-drones.de\/?product=us-plastikfeldflasche-1-l-huelle","title":{"rendered":"US Plastikfeldflasche, 1 l, H\u00fclle"},"content":{"rendered":"<p>US Plastikfeldflasche, 1 l, H\u00fclle<\/p>\n<table width=\"100%\">\n<tbody>\n<tr>\n<td width=\"10%\"><\/td>\n<td width=\"90%\">\n<div class=\"field\" data-name=\"description\">\n<div class=\"complex-text-container\">\n<div class=\"complex-text\">\n<p>mit Schraubverschluss<br \/>\nSicherung am Flaschenhals<br \/>\ngef\u00fctterte H\u00fclle mit Druckkn\u00f6pfen<br \/>\nkleine Au\u00dfentasche mit Klettverschluss<br \/>\n2 Halteklammern zur Befestigung<br \/>\nan G\u00fcrtel, Koppel, Rucksack, etc.<br \/>\nMa\u00dfe: ca. 13 x 21 x 8 cm (B x H x T)<br \/>\nGewicht: ca. 200 g<\/p>\n<p>Material:<br \/>\nFlasche: 100 % Polyethylen<br \/>\nBezug: 100 % Polyester<\/p>\n<\/div>\n<\/div>\n<\/div>\n<\/td>\n<\/tr>\n<\/tbody>\n<\/table>\n","protected":false},"excerpt":{"rendered":"<p>US Plastikfeldflasche, 1 l,<br \/>\nH\u00fclle<\/p>\n","protected":false},"featured_media":10679,"comment_status":"closed","ping_status":"closed","template":"","meta":{"spay_email":""},"_links":{"self":[{"href":"https:\/\/www.custom-drones.de\/index.php?rest_route=\/wp\/v2\/product\/10672"}],"collection":[{"href":"https:\/\/www.custom-drones.de\/index.php?rest_route=\/wp\/v2\/product"}],"about":[{"href":"https:\/\/www.custom-drones.de\/index.php?rest_route=\/wp\/v2\/types\/product"}],"replies":[{"embeddable":true,"href":"https:\/\/www.custom-drones.de\/index.php?rest_route=%2Fwp%2Fv2%2Fcomments&post=10672"}],"version-history":[{"count":2,"href":"https:\/\/www.custom-drones.de\/index.php?rest_route=\/wp\/v2\/product\/10672\/revisions"}],"predecessor-version":[{"id":14686,"href":"https:\/\/www.custom-drones.de\/index.php?rest_route=\/wp\/v2\/product\/10672\/revisions\/14686"}],"wp:featuredmedia":[{"embeddable":true,"href":"https:\/\/www.custom-drones.de\/index.php?rest_route=\/wp\/v2\/media\/10679"}],"wp:attachment":[{"href":"https:\/\/www.custom-drones.de\/index.php?rest_route=%2Fwp%2Fv2%2Fmedia&parent=10672"}],"curies":[{"name":"wp","href":"https:\/\/api.w.org\/{rel}","templated":true}]}}