{"id":10539,"date":"2021-04-19T18:06:56","date_gmt":"2021-04-19T16:06:56","guid":{"rendered":"https:\/\/www.custom-drones.de\/?post_type=product&#038;p=10539"},"modified":"2022-03-18T14:10:15","modified_gmt":"2022-03-18T13:10:15","slug":"beintraegerplatte-fuer-molle-system","status":"publish","type":"product","link":"https:\/\/www.custom-drones.de\/?product=beintraegerplatte-fuer-molle-system","title":{"rendered":"Beintr\u00e4gerplatte f\u00fcr MOLLE-System"},"content":{"rendered":"<p>Tr\u00e4gerplatte f\u00fcr MOLLE-System,<br \/>\nBeinbefestigung<\/p>\n<table width=\"100%\">\n<tbody>\n<tr>\n<td width=\"10%\">&nbsp;<\/td>\n<td width=\"90%\">\n<div class=\"field\" data-name=\"description\">\n<div class=\"complex-text-container\">\n<div class=\"complex-text\">\n<p>leicht gepolsterte Platte mit<br \/>\nMolle-Aufnahmeschlaufen<br \/>\nverstellbare, abnehmbare G\u00fcrtelschlaufe<br \/>\nmit Klett und Klickverschluss<br \/>\n2 verstellbare, abnehmbare Beingurte<br \/>\nmit Anti-Rutsch-Beschichtung und<br \/>\nKlickverschluss<br \/>\nMa\u00dfe: ca. 25 x 21 cm<\/p>\n<p>Material:<br \/>\n100 % Polyester<\/p>\n<\/div>\n<\/div>\n<\/div>\n<\/td>\n<\/tr>\n<\/tbody>\n<\/table>\n","protected":false},"excerpt":{"rendered":"<p>Tr\u00e4gerplatte f\u00fcr MOLLE-System,<br \/>\nBeinbefestigung<\/p>\n<p>&nbsp;<\/p>\n","protected":false},"featured_media":10540,"comment_status":"closed","ping_status":"closed","template":"","meta":{"spay_email":""},"_links":{"self":[{"href":"https:\/\/www.custom-drones.de\/index.php?rest_route=\/wp\/v2\/product\/10539"}],"collection":[{"href":"https:\/\/www.custom-drones.de\/index.php?rest_route=\/wp\/v2\/product"}],"about":[{"href":"https:\/\/www.custom-drones.de\/index.php?rest_route=\/wp\/v2\/types\/product"}],"replies":[{"embeddable":true,"href":"https:\/\/www.custom-drones.de\/index.php?rest_route=%2Fwp%2Fv2%2Fcomments&post=10539"}],"version-history":[{"count":1,"href":"https:\/\/www.custom-drones.de\/index.php?rest_route=\/wp\/v2\/product\/10539\/revisions"}],"predecessor-version":[{"id":10542,"href":"https:\/\/www.custom-drones.de\/index.php?rest_route=\/wp\/v2\/product\/10539\/revisions\/10542"}],"wp:featuredmedia":[{"embeddable":true,"href":"https:\/\/www.custom-drones.de\/index.php?rest_route=\/wp\/v2\/media\/10540"}],"wp:attachment":[{"href":"https:\/\/www.custom-drones.de\/index.php?rest_route=%2Fwp%2Fv2%2Fmedia&parent=10539"}],"curies":[{"name":"wp","href":"https:\/\/api.w.org\/{rel}","templated":true}]}}