{"id":10526,"date":"2021-04-19T18:02:12","date_gmt":"2021-04-19T16:02:12","guid":{"rendered":"https:\/\/www.custom-drones.de\/?post_type=product&#038;p=10526"},"modified":"2022-03-18T14:10:47","modified_gmt":"2022-03-18T13:10:47","slug":"patronenhuelsen-taschemolle","status":"publish","type":"product","link":"https:\/\/www.custom-drones.de\/?product=patronenhuelsen-taschemolle","title":{"rendered":"Patronenh\u00fclsen-Tasche,&#8221;MOLLE&#8221;"},"content":{"rendered":"<p>Patronenh\u00fclsen-Tasche,&#8221;MOLLE&#8221;<\/p>\n<table width=\"100%\">\n<tbody>\n<tr>\n<td width=\"10%\"><\/td>\n<td width=\"90%\">\n<div class=\"field\" data-name=\"description\">\n<div class=\"complex-text-container\">\n<div class=\"complex-text\">\n<p>gro\u00dfe, leicht zug\u00e4ngliche \u00d6ffnung mit<br \/>\nelastischem Kordelzugverschluss<br \/>\ninnen kleine Tasche mit Klettverschluss<br \/>\nInnentasche zum Entleeren herausst\u00fclpbar<br \/>\n2 Seitentaschen, davon 1 Netztasche<br \/>\ngro\u00dfe Fronttasche mit Klettverschluss und D-Ring<br \/>\n2 Molle-Befestigungsschlaufen<br \/>\nDurchmesser der \u00d6ffnung: ca. 14 cm<br \/>\nMa\u00dfe: ca. 14 x 20 x 8\/14 cm (B x H x T)<\/p>\n<p>Material:<br \/>\n100 % Polyester<\/p>\n<\/div>\n<\/div>\n<\/div>\n<\/td>\n<\/tr>\n<\/tbody>\n<\/table>\n","protected":false},"excerpt":{"rendered":"<p>Patronenh\u00fclsen-Tasche,&#8221;MOLLE&#8221;<\/p>\n","protected":false},"featured_media":10532,"comment_status":"closed","ping_status":"closed","template":"","meta":{"spay_email":""},"_links":{"self":[{"href":"https:\/\/www.custom-drones.de\/index.php?rest_route=\/wp\/v2\/product\/10526"}],"collection":[{"href":"https:\/\/www.custom-drones.de\/index.php?rest_route=\/wp\/v2\/product"}],"about":[{"href":"https:\/\/www.custom-drones.de\/index.php?rest_route=\/wp\/v2\/types\/product"}],"replies":[{"embeddable":true,"href":"https:\/\/www.custom-drones.de\/index.php?rest_route=%2Fwp%2Fv2%2Fcomments&post=10526"}],"version-history":[{"count":2,"href":"https:\/\/www.custom-drones.de\/index.php?rest_route=\/wp\/v2\/product\/10526\/revisions"}],"predecessor-version":[{"id":14802,"href":"https:\/\/www.custom-drones.de\/index.php?rest_route=\/wp\/v2\/product\/10526\/revisions\/14802"}],"wp:featuredmedia":[{"embeddable":true,"href":"https:\/\/www.custom-drones.de\/index.php?rest_route=\/wp\/v2\/media\/10532"}],"wp:attachment":[{"href":"https:\/\/www.custom-drones.de\/index.php?rest_route=%2Fwp%2Fv2%2Fmedia&parent=10526"}],"curies":[{"name":"wp","href":"https:\/\/api.w.org\/{rel}","templated":true}]}}