{"id":10480,"date":"2021-04-19T17:41:34","date_gmt":"2021-04-19T15:41:34","guid":{"rendered":"https:\/\/www.custom-drones.de\/?post_type=product&#038;p=10480"},"modified":"2022-03-18T14:10:22","modified_gmt":"2022-03-18T13:10:22","slug":"tpu-beutel-extreme-25-l","status":"publish","type":"product","link":"https:\/\/www.custom-drones.de\/?product=tpu-beutel-extreme-25-l","title":{"rendered":"TPU-Beutel, &#8220;Extreme&#8221;, 2,5 l"},"content":{"rendered":"<p>TPU-Beutel, &#8220;Extreme&#8221;, 2,5 l,<br \/>\nkl. \u00d6ffnung, f.Trinkrucksack<\/p>\n<table width=\"100%\">\n<tbody>\n<tr>\n<td width=\"10%\"><\/td>\n<td width=\"90%\">\n<div class=\"field\" data-name=\"description\">\n<div class=\"complex-text-container\">\n<div class=\"complex-text\">\n<p>kleine \u00d6ffnung mit Schraubverschluss<br \/>\nTragegriff und 2 Befestigungsl\u00f6cher oben<br \/>\nabnehmbarer, ummantelter Schlauch mit<br \/>\nGewindeanschluss und Mundst\u00fcck Art.Nr.: 30541<br \/>\nlebensmittelecht und geschmacksneutral<br \/>\nkeine Milch, alkohol-, kohlens\u00e4ure-,<br \/>\noder s\u00e4urehaltigen Getr\u00e4nke einf\u00fcllen<br \/>\nDurchmesser \u00d6ffnung: ca. 4,5 cm<br \/>\nMa\u00dfe: ca. 40 x 17 cm<br \/>\nGewicht: ca. 160 g<\/p>\n<\/div>\n<\/div>\n<\/div>\n<\/td>\n<\/tr>\n<\/tbody>\n<\/table>\n","protected":false},"excerpt":{"rendered":"<p>TPU-Beutel, &#8220;Extreme&#8221;, 2,5 l,<br \/>\nkl. \u00d6ffnung, f.Trinkrucksack<\/p>\n<p>&nbsp;<\/p>\n","protected":false},"featured_media":10481,"comment_status":"closed","ping_status":"closed","template":"","meta":{"spay_email":""},"_links":{"self":[{"href":"https:\/\/www.custom-drones.de\/index.php?rest_route=\/wp\/v2\/product\/10480"}],"collection":[{"href":"https:\/\/www.custom-drones.de\/index.php?rest_route=\/wp\/v2\/product"}],"about":[{"href":"https:\/\/www.custom-drones.de\/index.php?rest_route=\/wp\/v2\/types\/product"}],"replies":[{"embeddable":true,"href":"https:\/\/www.custom-drones.de\/index.php?rest_route=%2Fwp%2Fv2%2Fcomments&post=10480"}],"version-history":[{"count":3,"href":"https:\/\/www.custom-drones.de\/index.php?rest_route=\/wp\/v2\/product\/10480\/revisions"}],"predecessor-version":[{"id":14837,"href":"https:\/\/www.custom-drones.de\/index.php?rest_route=\/wp\/v2\/product\/10480\/revisions\/14837"}],"wp:featuredmedia":[{"embeddable":true,"href":"https:\/\/www.custom-drones.de\/index.php?rest_route=\/wp\/v2\/media\/10481"}],"wp:attachment":[{"href":"https:\/\/www.custom-drones.de\/index.php?rest_route=%2Fwp%2Fv2%2Fmedia&parent=10480"}],"curies":[{"name":"wp","href":"https:\/\/api.w.org\/{rel}","templated":true}]}}