{"id":10475,"date":"2021-04-19T17:38:44","date_gmt":"2021-04-19T15:38:44","guid":{"rendered":"https:\/\/www.custom-drones.de\/?post_type=product&#038;p=10475"},"modified":"2022-03-18T14:10:23","modified_gmt":"2022-03-18T13:10:23","slug":"tpu-beutel-25-l","status":"publish","type":"product","link":"https:\/\/www.custom-drones.de\/?product=tpu-beutel-25-l","title":{"rendered":"TPU-Beutel, 2,5 l"},"content":{"rendered":"<table width=\"100%\">\n<tbody>\n<tr>\n<td>TPU-Beutel, 2,5 l,<br \/>\ngr. \u00d6ffnung, f.Trinkrucksack<\/td>\n<\/tr>\n<\/tbody>\n<\/table>\n<table width=\"100%\">\n<tbody>\n<tr>\n<td width=\"10%\"><\/td>\n<td width=\"90%\">\n<div class=\"field\" data-name=\"description\">\n<div class=\"complex-text-container\">\n<div class=\"complex-text\">\n<p>gro\u00dfe \u00d6ffnung mit Schraubverschluss<br \/>\nTragegriff und 2 Befestigungsl\u00f6cher oben<br \/>\nabnehmbarer, ummantelter Schlauch mit<br \/>\nGewindeanschluss und Mundst\u00fcck Art.Nr.: 30541<br \/>\nlebensmittelecht und geschmacksneutral<br \/>\nkeine Milch, alkohol-, kohlens\u00e4ure-<br \/>\noder s\u00e4urehaltigen Getr\u00e4nke einf\u00fcllen<br \/>\nDurchmesser \u00d6ffnung: ca. 8,5 cm<br \/>\nMa\u00dfe: ca. 40 x 17 cm<br \/>\nGewicht: ca. 230 g<\/p>\n<\/div>\n<\/div>\n<\/div>\n<\/td>\n<\/tr>\n<\/tbody>\n<\/table>\n","protected":false},"excerpt":{"rendered":"<table width=\"100%\">\n<tbody>\n<tr>\n<td>TPU-Beutel, 2,5 l,<br \/>\ngr. \u00d6ffnung, f.Trinkrucksack<\/td>\n<\/tr>\n<\/tbody>\n<\/table>\n","protected":false},"featured_media":10478,"comment_status":"closed","ping_status":"closed","template":"","meta":{"spay_email":""},"_links":{"self":[{"href":"https:\/\/www.custom-drones.de\/index.php?rest_route=\/wp\/v2\/product\/10475"}],"collection":[{"href":"https:\/\/www.custom-drones.de\/index.php?rest_route=\/wp\/v2\/product"}],"about":[{"href":"https:\/\/www.custom-drones.de\/index.php?rest_route=\/wp\/v2\/types\/product"}],"replies":[{"embeddable":true,"href":"https:\/\/www.custom-drones.de\/index.php?rest_route=%2Fwp%2Fv2%2Fcomments&post=10475"}],"version-history":[{"count":2,"href":"https:\/\/www.custom-drones.de\/index.php?rest_route=\/wp\/v2\/product\/10475\/revisions"}],"predecessor-version":[{"id":14836,"href":"https:\/\/www.custom-drones.de\/index.php?rest_route=\/wp\/v2\/product\/10475\/revisions\/14836"}],"wp:featuredmedia":[{"embeddable":true,"href":"https:\/\/www.custom-drones.de\/index.php?rest_route=\/wp\/v2\/media\/10478"}],"wp:attachment":[{"href":"https:\/\/www.custom-drones.de\/index.php?rest_route=%2Fwp%2Fv2%2Fmedia&parent=10475"}],"curies":[{"name":"wp","href":"https:\/\/api.w.org\/{rel}","templated":true}]}}