{"id":7674,"date":"2020-11-10T23:21:01","date_gmt":"2020-11-10T22:21:01","guid":{"rendered":"http:\/\/custom-drones.de\/?page_id=7674"},"modified":"2025-08-20T10:04:21","modified_gmt":"2025-08-20T08:04:21","slug":"impressum","status":"publish","type":"page","link":"https:\/\/www.custom-drones.de\/?page_id=7674","title":{"rendered":"Impressum"},"content":{"rendered":"\t\t<div data-elementor-type=\"wp-page\" data-elementor-id=\"7674\" class=\"elementor elementor-7674\" data-elementor-settings=\"[]\">\n\t\t\t\t\t\t<div class=\"elementor-inner\">\n\t\t\t\t\t\t\t<div class=\"elementor-section-wrap\">\n\t\t\t\t\t\t\t<section class=\"elementor-section elementor-top-section elementor-element elementor-element-aa9ffca elementor-section-boxed elementor-section-height-default elementor-section-height-default\" data-id=\"aa9ffca\" data-element_type=\"section\">\n\t\t\t\t\t\t\t<div class=\"elementor-background-overlay\"><\/div>\n\t\t\t\t\t\t\t<div class=\"elementor-container elementor-column-gap-default\">\n\t\t\t\t\t\t\t<div class=\"elementor-row\">\n\t\t\t\t\t<div class=\"elementor-column elementor-col-50 elementor-top-column elementor-element elementor-element-691766b\" data-id=\"691766b\" data-element_type=\"column\">\n\t\t\t<div class=\"elementor-column-wrap elementor-element-populated\">\n\t\t\t\t\t\t\t<div class=\"elementor-widget-wrap\">\n\t\t\t\t\t\t<div class=\"elementor-element elementor-element-b75852e elementor-widget elementor-widget-text-editor\" data-id=\"b75852e\" data-element_type=\"widget\" data-widget_type=\"text-editor.default\">\n\t\t\t\t<div class=\"elementor-widget-container\">\n\t\t\t\t\t\t\t\t<div class=\"elementor-text-editor elementor-clearfix\">\n\t\t\t\t\t<p style=\"text-align: left;\">Legal<\/p>\t\t\t\t\t<\/div>\n\t\t\t\t\t\t<\/div>\n\t\t\t\t<\/div>\n\t\t\t\t<div class=\"elementor-element elementor-element-2c699de elementor-widget elementor-widget-heading\" data-id=\"2c699de\" data-element_type=\"widget\" data-widget_type=\"heading.default\">\n\t\t\t\t<div class=\"elementor-widget-container\">\n\t\t\t<h3 class=\"elementor-heading-title elementor-size-default\">Impressum &amp; AGB<\/h3>\t\t<\/div>\n\t\t\t\t<\/div>\n\t\t\t\t<div class=\"elementor-element elementor-element-03ff393 elementor-widget-divider--view-line elementor-widget elementor-widget-divider\" data-id=\"03ff393\" data-element_type=\"widget\" data-widget_type=\"divider.default\">\n\t\t\t\t<div class=\"elementor-widget-container\">\n\t\t\t\t\t<div class=\"elementor-divider\">\n\t\t\t<span class=\"elementor-divider-separator\">\n\t\t\t\t\t\t<\/span>\n\t\t<\/div>\n\t\t\t\t<\/div>\n\t\t\t\t<\/div>\n\t\t\t\t\t\t<\/div>\n\t\t\t\t\t<\/div>\n\t\t<\/div>\n\t\t\t\t<div class=\"elementor-column elementor-col-50 elementor-top-column elementor-element elementor-element-7040aeb\" data-id=\"7040aeb\" data-element_type=\"column\">\n\t\t\t<div class=\"elementor-column-wrap elementor-element-populated\">\n\t\t\t\t\t\t\t<div class=\"elementor-widget-wrap\">\n\t\t\t\t\t\t<div class=\"elementor-element elementor-element-735f76c elementor-widget elementor-widget-image\" data-id=\"735f76c\" data-element_type=\"widget\" data-widget_type=\"image.default\">\n\t\t\t\t<div class=\"elementor-widget-container\">\n\t\t\t\t\t\t\t\t<div class=\"elementor-image\">\n\t\t\t\t\t\t\t\t\t\t\t\t<img width=\"1024\" height=\"459\" src=\"https:\/\/i0.wp.com\/www.custom-drones.de\/wp-content\/uploads\/2020\/11\/big6.jpg?fit=1024%2C459&amp;ssl=1\" class=\"attachment-large size-large\" alt=\"\" loading=\"lazy\" srcset=\"https:\/\/i0.wp.com\/www.custom-drones.de\/wp-content\/uploads\/2020\/11\/big6.jpg?w=1160&amp;ssl=1 1160w, https:\/\/i0.wp.com\/www.custom-drones.de\/wp-content\/uploads\/2020\/11\/big6.jpg?resize=300%2C134&amp;ssl=1 300w, https:\/\/i0.wp.com\/www.custom-drones.de\/wp-content\/uploads\/2020\/11\/big6.jpg?resize=1024%2C459&amp;ssl=1 1024w, https:\/\/i0.wp.com\/www.custom-drones.de\/wp-content\/uploads\/2020\/11\/big6.jpg?resize=768%2C344&amp;ssl=1 768w, https:\/\/i0.wp.com\/www.custom-drones.de\/wp-content\/uploads\/2020\/11\/big6.jpg?resize=600%2C269&amp;ssl=1 600w\" sizes=\"(max-width: 1024px) 100vw, 1024px\" \/>\t\t\t\t\t\t\t\t\t\t\t\t\t\t<\/div>\n\t\t\t\t\t\t<\/div>\n\t\t\t\t<\/div>\n\t\t\t\t<div class=\"elementor-element elementor-element-2db2c458 elementor-widget elementor-widget-heading\" data-id=\"2db2c458\" data-element_type=\"widget\" data-widget_type=\"heading.default\">\n\t\t\t\t<div class=\"elementor-widget-container\">\n\t\t\t<h4 class=\"elementor-heading-title elementor-size-default\">Connect with our team<\/h4>\t\t<\/div>\n\t\t\t\t<\/div>\n\t\t\t\t<section class=\"elementor-section elementor-inner-section elementor-element elementor-element-3eed514e elementor-section-content-middle elementor-section-boxed elementor-section-height-default elementor-section-height-default\" data-id=\"3eed514e\" data-element_type=\"section\">\n\t\t\t\t\t\t<div class=\"elementor-container elementor-column-gap-default\">\n\t\t\t\t\t\t\t<div class=\"elementor-row\">\n\t\t\t\t\t<div class=\"elementor-column elementor-col-33 elementor-inner-column elementor-element elementor-element-29907fed\" data-id=\"29907fed\" data-element_type=\"column\">\n\t\t\t<div class=\"elementor-column-wrap elementor-element-populated\">\n\t\t\t\t\t\t\t<div class=\"elementor-widget-wrap\">\n\t\t\t\t\t\t<div class=\"elementor-element elementor-element-5006b1b1 elementor-widget elementor-widget-heading\" data-id=\"5006b1b1\" data-element_type=\"widget\" data-widget_type=\"heading.default\">\n\t\t\t\t<div class=\"elementor-widget-container\">\n\t\t\t<h6 class=\"elementor-heading-title elementor-size-default\">Gesch\u00e4ftsf\u00fchrung<\/h6>\t\t<\/div>\n\t\t\t\t<\/div>\n\t\t\t\t<div class=\"elementor-element elementor-element-2c2b8197 elementor-widget elementor-widget-heading\" data-id=\"2c2b8197\" data-element_type=\"widget\" data-widget_type=\"heading.default\">\n\t\t\t\t<div class=\"elementor-widget-container\">\n\t\t\t<h2 class=\"elementor-heading-title elementor-size-default\">Marco Herrmann<\/h2>\t\t<\/div>\n\t\t\t\t<\/div>\n\t\t\t\t<div class=\"elementor-element elementor-element-5be3db0a elementor-widget elementor-widget-text-editor\" data-id=\"5be3db0a\" data-element_type=\"widget\" data-widget_type=\"text-editor.default\">\n\t\t\t\t<div class=\"elementor-widget-container\">\n\t\t\t\t\t\t\t\t<div class=\"elementor-text-editor elementor-clearfix\">\n\t\t\t\t\t<p>Neuhoferstra\u00dfe 28<br \/>DE-12355 Berlin<\/p><p>Telefon: 030 \u2013 589 15 651<br \/>Technik: 030 \u2013 923 58 327<\/p><p>E-Mail: service@gdrs.de<br \/>Steuer-Nr. 16\/344\/61905<br \/>USt.-Id-Nr. DE 221 706 856<\/p>\t\t\t\t\t<\/div>\n\t\t\t\t\t\t<\/div>\n\t\t\t\t<\/div>\n\t\t\t\t\t\t<\/div>\n\t\t\t\t\t<\/div>\n\t\t<\/div>\n\t\t\t\t<div class=\"elementor-column elementor-col-33 elementor-inner-column elementor-element elementor-element-5a25037\" data-id=\"5a25037\" data-element_type=\"column\">\n\t\t\t<div class=\"elementor-column-wrap elementor-element-populated\">\n\t\t\t\t\t\t\t<div class=\"elementor-widget-wrap\">\n\t\t\t\t\t\t<div class=\"elementor-element elementor-element-b606b12 elementor-widget elementor-widget-heading\" data-id=\"b606b12\" data-element_type=\"widget\" data-widget_type=\"heading.default\">\n\t\t\t\t<div class=\"elementor-widget-container\">\n\t\t\t<h6 class=\"elementor-heading-title elementor-size-default\">Technischer Service<\/h6>\t\t<\/div>\n\t\t\t\t<\/div>\n\t\t\t\t<div class=\"elementor-element elementor-element-3104ddb elementor-widget elementor-widget-heading\" data-id=\"3104ddb\" data-element_type=\"widget\" data-widget_type=\"heading.default\">\n\t\t\t\t<div class=\"elementor-widget-container\">\n\t\t\t<h2 class=\"elementor-heading-title elementor-size-default\">GDRS & DATA.LAB<\/h2>\t\t<\/div>\n\t\t\t\t<\/div>\n\t\t\t\t<div class=\"elementor-element elementor-element-513533a elementor-widget elementor-widget-text-editor\" data-id=\"513533a\" data-element_type=\"widget\" data-widget_type=\"text-editor.default\">\n\t\t\t\t<div class=\"elementor-widget-container\">\n\t\t\t\t\t\t\t\t<div class=\"elementor-text-editor elementor-clearfix\">\n\t\t\t\t\t<p>Neuhoferstra\u00dfe 28<br \/>DE-12355 Berlin<\/p><p>Tel.: 0049 (0)30 589 15 651<br \/>Tel.: 0049 (0)30 923 58 327<\/p><p>E-Mail: service@gdrs.de<br \/>ULR: <a href=\"http:\/\/www.gdrs.de\" target=\"_blank\" rel=\"noopener\">www.gdrs.de<\/a><\/p><div align=\"justify\">\u00a0<\/div>\t\t\t\t\t<\/div>\n\t\t\t\t\t\t<\/div>\n\t\t\t\t<\/div>\n\t\t\t\t\t\t<\/div>\n\t\t\t\t\t<\/div>\n\t\t<\/div>\n\t\t\t\t<div class=\"elementor-column elementor-col-33 elementor-inner-column elementor-element elementor-element-edd5966\" data-id=\"edd5966\" data-element_type=\"column\">\n\t\t\t<div class=\"elementor-column-wrap elementor-element-populated\">\n\t\t\t\t\t\t\t<div class=\"elementor-widget-wrap\">\n\t\t\t\t\t\t<div class=\"elementor-element elementor-element-b8f82c9 elementor-widget elementor-widget-heading\" data-id=\"b8f82c9\" data-element_type=\"widget\" data-widget_type=\"heading.default\">\n\t\t\t\t<div class=\"elementor-widget-container\">\n\t\t\t<h6 class=\"elementor-heading-title elementor-size-default\">Site Hosting<\/h6>\t\t<\/div>\n\t\t\t\t<\/div>\n\t\t\t\t<div class=\"elementor-element elementor-element-ca7c173 elementor-widget elementor-widget-heading\" data-id=\"ca7c173\" data-element_type=\"widget\" data-widget_type=\"heading.default\">\n\t\t\t\t<div class=\"elementor-widget-container\">\n\t\t\t<h2 class=\"elementor-heading-title elementor-size-default\">Strato Medien AG<\/h2>\t\t<\/div>\n\t\t\t\t<\/div>\n\t\t\t\t<div class=\"elementor-element elementor-element-9aaf47d elementor-widget elementor-widget-text-editor\" data-id=\"9aaf47d\" data-element_type=\"widget\" data-widget_type=\"text-editor.default\">\n\t\t\t\t<div class=\"elementor-widget-container\">\n\t\t\t\t\t\t\t\t<div class=\"elementor-text-editor elementor-clearfix\">\n\t\t\t\t\t<p>STRATO AG<br \/>Pascalstra\u00dfe 10<br \/>DE-10587 Berlin<\/p><p>Telefon: 030-300 146 0<br \/>Fax: 030\u2013886 15 111<\/p><p>E-Mail: impressum@strato.de<br \/>Berlin Charlottenburg HRB 79450<br \/>USt-ID-Nr. DE 211 045 709<\/p>\t\t\t\t\t<\/div>\n\t\t\t\t\t\t<\/div>\n\t\t\t\t<\/div>\n\t\t\t\t\t\t<\/div>\n\t\t\t\t\t<\/div>\n\t\t<\/div>\n\t\t\t\t\t\t\t\t<\/div>\n\t\t\t\t\t<\/div>\n\t\t<\/section>\n\t\t\t\t<section class=\"elementor-section elementor-inner-section elementor-element elementor-element-7906924 elementor-section-content-middle elementor-section-boxed elementor-section-height-default elementor-section-height-default\" data-id=\"7906924\" data-element_type=\"section\">\n\t\t\t\t\t\t<div class=\"elementor-container elementor-column-gap-default\">\n\t\t\t\t\t\t\t<div class=\"elementor-row\">\n\t\t\t\t\t<div class=\"elementor-column elementor-col-33 elementor-inner-column elementor-element elementor-element-46f722c\" data-id=\"46f722c\" data-element_type=\"column\">\n\t\t\t<div class=\"elementor-column-wrap elementor-element-populated\">\n\t\t\t\t\t\t\t<div class=\"elementor-widget-wrap\">\n\t\t\t\t\t\t<div class=\"elementor-element elementor-element-c2ef0ff elementor-widget elementor-widget-heading\" data-id=\"c2ef0ff\" data-element_type=\"widget\" data-widget_type=\"heading.default\">\n\t\t\t\t<div class=\"elementor-widget-container\">\n\t\t\t<h6 class=\"elementor-heading-title elementor-size-default\">DRONE PARTNERSHIP<\/h6>\t\t<\/div>\n\t\t\t\t<\/div>\n\t\t\t\t<div class=\"elementor-element elementor-element-b9a5527 elementor-widget elementor-widget-heading\" data-id=\"b9a5527\" data-element_type=\"widget\" data-widget_type=\"heading.default\">\n\t\t\t\t<div class=\"elementor-widget-container\">\n\t\t\t<h2 class=\"elementor-heading-title elementor-size-default\">Martin Keil<\/h2>\t\t<\/div>\n\t\t\t\t<\/div>\n\t\t\t\t<div class=\"elementor-element elementor-element-eeb7152 elementor-widget elementor-widget-text-editor\" data-id=\"eeb7152\" data-element_type=\"widget\" data-widget_type=\"text-editor.default\">\n\t\t\t\t<div class=\"elementor-widget-container\">\n\t\t\t\t\t\t\t\t<div class=\"elementor-text-editor elementor-clearfix\">\n\t\t\t\t\t<p><span class=\"Haendlerbund_Rechtstext_Absatz\">Fritz-Werner-Str. 68<\/span><br \/>DE-12277 Berlin<\/p><p>Telefon: 030 \u2013 <span class=\"Haendlerbund_Rechtstext_Absatz\">364 285 060<\/span><br \/>E-Mail: <span class=\"Haendlerbund_Rechtstext_Absatz\">info@tacticaltrim.com<\/span><\/p><p><span class=\"Haendlerbund_Rechtstext_Absatz\">Tacticaltrim Trading GmbH<br \/>USt-IdNr.: DE327246881<\/span><br \/><span class=\"Haendlerbund_Rechtstext_Absatz\">HRB 210467B<\/span><\/p>\t\t\t\t\t<\/div>\n\t\t\t\t\t\t<\/div>\n\t\t\t\t<\/div>\n\t\t\t\t\t\t<\/div>\n\t\t\t\t\t<\/div>\n\t\t<\/div>\n\t\t\t\t<div class=\"elementor-column elementor-col-33 elementor-inner-column elementor-element elementor-element-1f22fe9\" data-id=\"1f22fe9\" data-element_type=\"column\">\n\t\t\t<div class=\"elementor-column-wrap elementor-element-populated\">\n\t\t\t\t\t\t\t<div class=\"elementor-widget-wrap\">\n\t\t\t\t\t\t<div class=\"elementor-element elementor-element-d948f65 elementor-widget elementor-widget-heading\" data-id=\"d948f65\" data-element_type=\"widget\" data-widget_type=\"heading.default\">\n\t\t\t\t<div class=\"elementor-widget-container\">\n\t\t\t<h6 class=\"elementor-heading-title elementor-size-default\">DRONE PARTNERSHIP<\/h6>\t\t<\/div>\n\t\t\t\t<\/div>\n\t\t\t\t<div class=\"elementor-element elementor-element-bf04b2f elementor-widget elementor-widget-heading\" data-id=\"bf04b2f\" data-element_type=\"widget\" data-widget_type=\"heading.default\">\n\t\t\t\t<div class=\"elementor-widget-container\">\n\t\t\t<h2 class=\"elementor-heading-title elementor-size-default\">Sebastian Stutte<\/h2>\t\t<\/div>\n\t\t\t\t<\/div>\n\t\t\t\t<div class=\"elementor-element elementor-element-c43fb74 elementor-widget elementor-widget-text-editor\" data-id=\"c43fb74\" data-element_type=\"widget\" data-widget_type=\"text-editor.default\">\n\t\t\t\t<div class=\"elementor-widget-container\">\n\t\t\t\t\t\t\t\t<div class=\"elementor-text-editor elementor-clearfix\">\n\t\t\t\t\t<p><span class=\"Haendlerbund_Rechtstext_Absatz\">Fritz-Werner-Str. 68<\/span><br \/>DE-12277 Berlin<\/p><p>Telefon: 030 \u2013 <span class=\"Haendlerbund_Rechtstext_Absatz\">364 285 060<\/span><br \/>E-Mail: <span class=\"Haendlerbund_Rechtstext_Absatz\">info@tacticaltrim.com<\/span><\/p><p><span class=\"Haendlerbund_Rechtstext_Absatz\">Tacticaltrim Trading GmbH<br \/>USt-IdNr.: DE327246881<\/span><br \/><span class=\"Haendlerbund_Rechtstext_Absatz\">HRB 210467B<\/span><\/p>\t\t\t\t\t<\/div>\n\t\t\t\t\t\t<\/div>\n\t\t\t\t<\/div>\n\t\t\t\t\t\t<\/div>\n\t\t\t\t\t<\/div>\n\t\t<\/div>\n\t\t\t\t<div class=\"elementor-column elementor-col-33 elementor-inner-column elementor-element elementor-element-b816118\" data-id=\"b816118\" data-element_type=\"column\">\n\t\t\t<div class=\"elementor-column-wrap elementor-element-populated\">\n\t\t\t\t\t\t\t<div class=\"elementor-widget-wrap\">\n\t\t\t\t\t\t<div class=\"elementor-element elementor-element-3549c52 elementor-widget elementor-widget-text-editor\" data-id=\"3549c52\" data-element_type=\"widget\" data-widget_type=\"text-editor.default\">\n\t\t\t\t<div class=\"elementor-widget-container\">\n\t\t\t\t\t\t\t\t<div class=\"elementor-text-editor elementor-clearfix\">\n\t\t\t\t\t\t\t\t\t\t<\/div>\n\t\t\t\t\t\t<\/div>\n\t\t\t\t<\/div>\n\t\t\t\t\t\t<\/div>\n\t\t\t\t\t<\/div>\n\t\t<\/div>\n\t\t\t\t\t\t\t\t<\/div>\n\t\t\t\t\t<\/div>\n\t\t<\/section>\n\t\t\t\t<div class=\"elementor-element elementor-element-5aa9d6a9 elementor-widget elementor-widget-heading\" data-id=\"5aa9d6a9\" data-element_type=\"widget\" data-widget_type=\"heading.default\">\n\t\t\t\t<div class=\"elementor-widget-container\">\n\t\t\t<h3 class=\"elementor-heading-title elementor-size-default\">Unsere AGB<\/h3>\t\t<\/div>\n\t\t\t\t<\/div>\n\t\t\t\t<section class=\"elementor-section elementor-inner-section elementor-element elementor-element-9c3bd3a elementor-section-boxed elementor-section-height-default elementor-section-height-default\" data-id=\"9c3bd3a\" data-element_type=\"section\">\n\t\t\t\t\t\t<div class=\"elementor-container elementor-column-gap-default\">\n\t\t\t\t\t\t\t<div class=\"elementor-row\">\n\t\t\t\t\t<div class=\"elementor-column elementor-col-50 elementor-inner-column elementor-element elementor-element-86d0ac5\" data-id=\"86d0ac5\" data-element_type=\"column\">\n\t\t\t<div class=\"elementor-column-wrap elementor-element-populated\">\n\t\t\t\t\t\t\t<div class=\"elementor-widget-wrap\">\n\t\t\t\t\t\t<div class=\"elementor-element elementor-element-0b00a69 elementor-widget elementor-widget-text-editor\" data-id=\"0b00a69\" data-element_type=\"widget\" data-widget_type=\"text-editor.default\">\n\t\t\t\t<div class=\"elementor-widget-container\">\n\t\t\t\t\t\t\t\t<div class=\"elementor-text-editor elementor-clearfix\">\n\t\t\t\t\t<h4>Datenschutz<\/h4><p align=\"justify\">Soweit auf unseren Seiten personenbezogene Daten (beispielsweise Name, Anschrift oder eMail-Adressen) erhoben werden, erfolgt dies soweit m\u00f6glich stets auf freiwilliger Basis. Die Nutzung der Angebote und Dienste ist, soweit m\u00f6glich, stets ohne Angabe personenbezogener Daten m\u00f6glich.Der Nutzung von im Rahmen der Impressumspflicht ver\u00f6ffentlichten Kontaktdaten durch Dritte zur \u00dcbersendung von nicht ausdr\u00fccklich angeforderter Werbung und Informationsmaterialien wird hiermit ausdr\u00fccklich widersprochen. Die Betreiber der Seiten behalten sich ausdr\u00fccklich rechtliche Schritte im Falle der unverlangten Zusendung von Werbeinformationen, etwa durch Spam-Mails, vor.<\/p><h4>Haftung f\u00fcr Inhalte<\/h4><p align=\"justify\">Die Inhalte unserer Seiten wurden mit gr\u00f6\u00dfter Sorgfalt erstellt. F\u00fcr die Richtigkeit, Vollst\u00e4ndigkeit und Aktualit\u00e4t der Inhalte k\u00f6nnen wir jedoch keine Gew\u00e4hr \u00fcbernehmen.Als Dienstanbieter sind wir gem\u00e4\u00df \u00a7 6 Abs.1 MDStV und \u00a7 8 Abs.1 TDG f\u00fcr eigene Inhalte auf diesen Seiten nach den allgemeinen Gesetzen verantwortlich. Dienstanbieter sind jedoch nicht verpflichtet, die von ihnen \u00fcbermittelten oder gespeicherten fremden Informationen zu \u00fcberwachen oder nach Umst\u00e4nden zu forschen, die auf eine rechtswidrige T\u00e4tigkeit hinweisen.Verpflichtungen zur Entfernung oder Sperrung der Nutzung von Informationen nach den allgemeinen Gesetzen bleiben hiervon unber\u00fchrt. Eine diesbez\u00fcgliche Haftung ist jedoch erst ab dem Zeitpunkt der Kenntnis einer konkreten Rechtsverletzung m\u00f6glich. Bei bekanntwerden von entsprechenden Rechtsverletzungen werden wir diese Inhalte umgehend entfernen.<\/p><h4>Bilder &amp; Werbung<\/h4><p align=\"justify\">Zur Produktwerbung f\u00fcr ASUS Ger\u00e4te verwenden wir ASUS Werbebilder. Diese Bilder sind nicht von uns erstellt und unterliegen daher den Copyrights der ASUSTeK Computer Inc.<\/p><h4>Haftung f\u00fcr Links<\/h4><p align=\"justify\">Unser Angebot enth\u00e4lt Links zexternen Webseiten Dritter, auf deren Inhalte wir keinen Einfluss haben. Deshalb k\u00f6nnen wir f\u00fcr diese fremden Inhalte auch keine Gew\u00e4hr \u00fcbernehmen. F\u00fcr die Inhalte der verlinkten Seiten ist stets der jeweilige Anbieter oder Betreiber der Seiten verantwortlich. Die verlinkten Seiten wurden zum Zeitpunkt der Verlinkung auf m\u00f6gliche Rechtsverst\u00f6\u00dfe \u00fcberpr\u00fcft. Rechtswidrige Inhalte waren zum Zeitpunkt der Verlinkung nicht erkennbar. Eine permanente inhaltliche Kontrolle der verlinkten Seiten ist jedoch ohne konkrete Anhaltspunkte einer Rechtsverletzung nicht zumutbar. Bei bekannt werden von Rechtsverletzungen werden wir derartige Linkumgehend entfernen.<\/p><p>Quelle: Disclaimer von eRecht24.de dem Informationsportal zum Internetrecht<\/p>\t\t\t\t\t<\/div>\n\t\t\t\t\t\t<\/div>\n\t\t\t\t<\/div>\n\t\t\t\t\t\t<\/div>\n\t\t\t\t\t<\/div>\n\t\t<\/div>\n\t\t\t\t<div class=\"elementor-column elementor-col-50 elementor-inner-column elementor-element elementor-element-9485434\" data-id=\"9485434\" data-element_type=\"column\">\n\t\t\t<div class=\"elementor-column-wrap elementor-element-populated\">\n\t\t\t\t\t\t\t<div class=\"elementor-widget-wrap\">\n\t\t\t\t\t\t<div class=\"elementor-element elementor-element-7bcb16b elementor-widget elementor-widget-text-editor\" data-id=\"7bcb16b\" data-element_type=\"widget\" data-widget_type=\"text-editor.default\">\n\t\t\t\t<div class=\"elementor-widget-container\">\n\t\t\t\t\t\t\t\t<div class=\"elementor-text-editor elementor-clearfix\">\n\t\t\t\t\t<h4>Definition 2.Wahl<\/h4><p align=\"justify\">2.Wahl-Artikel m\u00fcssen der 1.Wahl gegen\u00fcber in der Funktionalit\u00e4t gleich sein, d.h. ordnungsgem\u00e4\u00df funktionieren. Die Merkmale von 2.Wahl-Artikel sind u.a. eingestaubte Ware, Vorf\u00fchrger\u00e4te, m\u00f6gliche Besch\u00e4digungen, die die Funktionalit\u00e4t nicht einschr\u00e4nken, Auslaufmodelle oder sie waren kurze Zeit in Betrieb. Dadurch hat das 2. Wahl-Ger\u00e4t keinen Neuger\u00e4testatus.<\/p><p align=\"justify\">Alle Preise sind netto vor Konditionen ab Lager Berlin, zzgl. der gesetzl. USt. sowie Versand- und Transport-Versicherungskosten! Alle Preise in Euro. Es gelten die Allgemeinen Gesch\u00e4ftsbedingungen der GDRS &amp; RG IT-C, Berlin. Alle Produktnamen, Logos und Firmennamen sind eingetragene Warenzeichen der jeweiligen Hersteller. Preis\u00e4nderungen und Irrt\u00fcmer sowie Zwischenverkauf vorbehalten.<\/p><h4>Rechtliche Hinweise bei Auslieferung<\/h4><p align=\"justify\">Bei der Bezahlung der gelieferten und bestellten Waren gelten unsere AGB\u2019s. Diese finden sie im Umschlag der Rechnung. Mit der Bezahlung, also auch mit der Nutzung der Waren erkennen Sie diese an.<\/p><h4>Anfahrt \/ Termine berlinweit<\/h4><p align=\"justify\">Termine beinhalten immer eine Zeitspanne von 2 Stunden m\u00f6glicher Versp\u00e4tung, da wir nie garantiert eine p\u00fcnktliche Fertigstellung eines vorangegangenen Termins garantieren k\u00f6nnen. Wir bitten hierf\u00fcr um Verst\u00e4ndnis. Ausgenommen hierf\u00fcr sind Notfalleins\u00e4tze.<\/p><h4>Urheberrecht<\/h4><p align=\"justify\">Die Betreiber der Seiten sind bem\u00fcht, stets die Urheberrechte anderer zu beachten bzw. auf selbst erstellte sowie lizenzfreie Werke zur\u00fcckzugreifen.<\/p><p align=\"justify\">Die durch die Seitenbetreiber erstellten Inhalte und Werke auf diesen Seiten unterliegen dem deutschen Urheberrecht. Beitr\u00e4ge Dritter sind als solche gekennzeichnet. Die Vervielf\u00e4ltigung, Bearbeitung, Verbreitung und jede Art der Verwertung au\u00dferhalb der Grenzen des Urheberrechtes bed\u00fcrfen der schriftlichen Zustimmung des jeweiligen Autors bzw. Erstellers bzw. Downloads und Kopien dieser Seite sind nur f\u00fcr den privaten, nicht kommerziellen Gebrauch gestattet.<\/p><h4>Bestellung \/ Onlinebestellung \/ Faxbestellung<\/h4><p align=\"justify\">Bei der ersten Bestellung ist die Kundennummer der Proformarechnung f\u00fcr Privatkunden immer 005029. Bei der Angabe der Lieferadresse (default auch Rechnungsanschrift) wird dann eine aktuelle Kundennummer zugewiesen. Sollte die Rechnungsanschrift von der Lieferanschrift abweichen, bitten wir Sie, uns diese gesondert mitzuteilen, da wir sonst eine Standardrechnung vergeben. R\u00fccktritt vom Kauf besteht nur bei Neuware 14 Tage. Nicht auf Ware der zweiten Wahl oder auf Verbrauchsmaterial wie auch Software.<\/p>\t\t\t\t\t<\/div>\n\t\t\t\t\t\t<\/div>\n\t\t\t\t<\/div>\n\t\t\t\t\t\t<\/div>\n\t\t\t\t\t<\/div>\n\t\t<\/div>\n\t\t\t\t\t\t\t\t<\/div>\n\t\t\t\t\t<\/div>\n\t\t<\/section>\n\t\t\t\t\t\t<\/div>\n\t\t\t\t\t<\/div>\n\t\t<\/div>\n\t\t\t\t\t\t\t\t<\/div>\n\t\t\t\t\t<\/div>\n\t\t<\/section>\n\t\t\t\t\t\t<\/div>\n\t\t\t\t\t\t<\/div>\n\t\t\t\t\t<\/div>\n\t\t","protected":false},"excerpt":{"rendered":"<p>Legal Impressum &amp; AGB Connect with our team Gesch\u00e4ftsf\u00fchrung Marco Herrmann Neuhoferstra\u00dfe 28DE-12355 Berlin Telefon: 030 \u2013 589 15 651Technik:&hellip;<\/p>\n","protected":false},"author":1,"featured_media":0,"parent":0,"menu_order":0,"comment_status":"closed","ping_status":"closed","template":"template-parts\/template-page-builders.php","meta":{"spay_email":""},"_links":{"self":[{"href":"https:\/\/www.custom-drones.de\/index.php?rest_route=\/wp\/v2\/pages\/7674"}],"collection":[{"href":"https:\/\/www.custom-drones.de\/index.php?rest_route=\/wp\/v2\/pages"}],"about":[{"href":"https:\/\/www.custom-drones.de\/index.php?rest_route=\/wp\/v2\/types\/page"}],"author":[{"embeddable":true,"href":"https:\/\/www.custom-drones.de\/index.php?rest_route=\/wp\/v2\/users\/1"}],"replies":[{"embeddable":true,"href":"https:\/\/www.custom-drones.de\/index.php?rest_route=%2Fwp%2Fv2%2Fcomments&post=7674"}],"version-history":[{"count":187,"href":"https:\/\/www.custom-drones.de\/index.php?rest_route=\/wp\/v2\/pages\/7674\/revisions"}],"predecessor-version":[{"id":15248,"href":"https:\/\/www.custom-drones.de\/index.php?rest_route=\/wp\/v2\/pages\/7674\/revisions\/15248"}],"wp:attachment":[{"href":"https:\/\/www.custom-drones.de\/index.php?rest_route=%2Fwp%2Fv2%2Fmedia&parent=7674"}],"curies":[{"name":"wp","href":"https:\/\/api.w.org\/{rel}","templated":true}]}}